{"id":106513,"date":"2023-08-14T13:51:17","date_gmt":"2023-08-14T13:51:17","guid":{"rendered":"https:\/\/explorial.com\/trails\/visita-de-la-ciudad-benares-1\/"},"modified":"2024-09-09T15:00:38","modified_gmt":"2024-09-09T15:00:38","slug":"visita-de-la-ciudad-benares-1","status":"publish","type":"product","link":"https:\/\/explorial.com\/es\/trails\/visita-de-la-ciudad-benares-1\/","title":{"rendered":"Benar\u00e9s"},"content":{"rendered":"","protected":false},"excerpt":{"rendered":"","protected":false},"featured_media":106364,"comment_status":"open","ping_status":"closed","template":"","meta":{"_acf_changed":false},"product_brand":[],"product_cat":[1362,1764],"product_tag":[1758],"class_list":{"0":"post-106513","1":"product","2":"type-product","3":"status-publish","4":"has-post-thumbnail","6":"product_cat-india-es","7":"product_cat-uttar-pradesh-es","8":"product_tag-varanasi-es","10":"first","11":"instock","12":"sale","13":"taxable","14":"shipping-taxable","15":"purchasable","16":"product-type-variable"},"acf":{"city_name":"Benar\u00e9s","city_name_display":"Benar\u00e9s","languages":"Ingl\u00e9s","duration":"aprox. 1.5 - 2 horas","description_1":"","description_2":"","city_description":"","short_description":"","notes":"","header_image":106358,"highlight_locations":"Dashashwamedh Ghat, Shri Kashi Vishwanath Temple, Nepali Temple","additional_wheelchair":"Lamentablemente, este recorrido es s\u00f3lo parcialmente apto para sillas de ruedas y coches de beb\u00e9s debido a los desniveles y escaleras. No obstante, el recorrido se puede realizar, pero algunos tramos pueden ser de dif\u00edcil acceso.","voucher_link":"","start_location_coordinates":"25.31694, 83.02033","start_location_name":"Sheetla Ghat","start_location_address":"828C+R4R, Beside Ganga River, near Bundi Parkota Ghat, Varanasi, Uttar Pradesh 221001, India","end_location_name":"Darbhanga Ghat","partner_object":null},"_links":{"self":[{"href":"https:\/\/explorial.com\/es\/wp-json\/wp\/v2\/product\/106513","targetHints":{"allow":["GET"]}}],"collection":[{"href":"https:\/\/explorial.com\/es\/wp-json\/wp\/v2\/product"}],"about":[{"href":"https:\/\/explorial.com\/es\/wp-json\/wp\/v2\/types\/product"}],"replies":[{"embeddable":true,"href":"https:\/\/explorial.com\/es\/wp-json\/wp\/v2\/comments?post=106513"}],"wp:featuredmedia":[{"embeddable":true,"href":"https:\/\/explorial.com\/es\/wp-json\/wp\/v2\/media\/106364"}],"wp:attachment":[{"href":"https:\/\/explorial.com\/es\/wp-json\/wp\/v2\/media?parent=106513"}],"wp:term":[{"taxonomy":"product_brand","embeddable":true,"href":"https:\/\/explorial.com\/es\/wp-json\/wp\/v2\/product_brand?post=106513"},{"taxonomy":"product_cat","embeddable":true,"href":"https:\/\/explorial.com\/es\/wp-json\/wp\/v2\/product_cat?post=106513"},{"taxonomy":"product_tag","embeddable":true,"href":"https:\/\/explorial.com\/es\/wp-json\/wp\/v2\/product_tag?post=106513"}],"curies":[{"name":"wp","href":"https:\/\/api.w.org\/{rel}","templated":true}]}}