{"id":96659,"date":"2023-06-26T12:19:15","date_gmt":"2023-06-26T12:19:15","guid":{"rendered":"https:\/\/explorial.com\/trails\/staedtetour-genf-2\/"},"modified":"2025-04-17T11:27:42","modified_gmt":"2025-04-17T11:27:42","slug":"staedtetour-genf-2","status":"publish","type":"product","link":"https:\/\/explorial.com\/de\/trails\/staedtetour-genf-2\/","title":{"rendered":"Genf (Internationales Viertel)"},"content":{"rendered":"","protected":false},"excerpt":{"rendered":"","protected":false},"featured_media":301940,"comment_status":"open","ping_status":"closed","template":"","meta":{"_acf_changed":false},"product_brand":[],"product_cat":[873,818],"product_tag":[952],"class_list":{"0":"post-96659","1":"product","2":"type-product","3":"status-publish","4":"has-post-thumbnail","6":"product_cat-lake-geneva-region-de","7":"product_cat-switzerland-de","8":"product_tag-geneva","10":"first","11":"instock","12":"sale","13":"taxable","14":"shipping-taxable","15":"purchasable","16":"product-type-variable"},"acf":{"city_name":"Genf","city_name_display":"Genf (Internationales Viertel)","languages":"Franz\u00f6sisch, Englisch, Deutsch","duration":"etwa 1.5 - 2 Stunden","description_1":"","description_2":"","city_description":"Genf ist eine wunderbare und \u00fcberraschende Stadt mit vielen Facetten. Mit ihrem Viertel der internationalen Institutionen ist die Stadt das Schaufenster der Schweiz auf der internationalen B\u00fchne. Idyllisch gelegen, nur einen Steinwurf vom Genfersee entfernt, wird dieses Viertel dich mit seiner reichen Geschichte und der Sch\u00f6nheit seiner Umgebung begeistern.","short_description":"","notes":"","header_image":301934,"highlight_locations":"Palais Wilson, Villa Rigot, La chaise cass\u00e9e","additional_wheelchair":"Dieser Trail ist aufgrund von Steigungen und Treppen f\u00fcr Rollst\u00fchle und Kinderwagen nur bedingt geeignet. Alle Orte sind jedoch erreichbar.","voucher_link":"","start_location_coordinates":"46.22645, 6.13802","start_location_name":"Genfer Schule f\u00fcr Hotel- und Gastst\u00e4ttengewerbe","start_location_address":"Ecole H\u00f4teli\u00e8re de Gen\u00e8ve\nAvenue de la Paix 12\n1202 Genf\nSchweiz","end_location_name":"Palais Wilson","partner_object":null},"_links":{"self":[{"href":"https:\/\/explorial.com\/de\/wp-json\/wp\/v2\/product\/96659","targetHints":{"allow":["GET"]}}],"collection":[{"href":"https:\/\/explorial.com\/de\/wp-json\/wp\/v2\/product"}],"about":[{"href":"https:\/\/explorial.com\/de\/wp-json\/wp\/v2\/types\/product"}],"replies":[{"embeddable":true,"href":"https:\/\/explorial.com\/de\/wp-json\/wp\/v2\/comments?post=96659"}],"wp:featuredmedia":[{"embeddable":true,"href":"https:\/\/explorial.com\/de\/wp-json\/wp\/v2\/media\/301940"}],"wp:attachment":[{"href":"https:\/\/explorial.com\/de\/wp-json\/wp\/v2\/media?parent=96659"}],"wp:term":[{"taxonomy":"product_brand","embeddable":true,"href":"https:\/\/explorial.com\/de\/wp-json\/wp\/v2\/product_brand?post=96659"},{"taxonomy":"product_cat","embeddable":true,"href":"https:\/\/explorial.com\/de\/wp-json\/wp\/v2\/product_cat?post=96659"},{"taxonomy":"product_tag","embeddable":true,"href":"https:\/\/explorial.com\/de\/wp-json\/wp\/v2\/product_tag?post=96659"}],"curies":[{"name":"wp","href":"https:\/\/api.w.org\/{rel}","templated":true}]}}