{"id":95754,"date":"2023-06-14T10:52:18","date_gmt":"2023-06-14T10:52:18","guid":{"rendered":"https:\/\/explorial.com\/trails\/staedtetour-evora-1\/"},"modified":"2024-09-17T13:23:36","modified_gmt":"2024-09-17T13:23:36","slug":"staedtetour-evora-1","status":"publish","type":"product","link":"https:\/\/explorial.com\/de\/trails\/staedtetour-evora-1\/","title":{"rendered":"\u00c9vora"},"content":{"rendered":"","protected":false},"excerpt":{"rendered":"","protected":false},"featured_media":95686,"comment_status":"open","ping_status":"closed","template":"","meta":{"_acf_changed":false},"product_brand":[],"product_cat":[1537,477],"product_tag":[1531],"class_list":{"0":"post-95754","1":"product","2":"type-product","3":"status-publish","4":"has-post-thumbnail","6":"product_cat-alentejo-de","7":"product_cat-portugal-de","8":"product_tag-evora-de","10":"first","11":"instock","12":"sale","13":"taxable","14":"shipping-taxable","15":"purchasable","16":"product-type-variable"},"acf":{"city_name":"\u00c9vora","city_name_display":"\u00c9vora","languages":"Portugiesisch, Englisch","duration":"etwa 1.5 - 2 Stunden","description_1":"","description_2":"","city_description":"","short_description":"","notes":"","header_image":95680,"highlight_locations":"S\u00e9 Catedral de \u00c9vora, Pra\u00e7a do Giraldo, Jardim Diana","additional_wheelchair":"Dieser Trail ist aufgrund von Steigungen und Treppen f\u00fcr Rollst\u00fchle und Kinderwagen nur bedingt geeignet. Alle Orte sind jedoch erreichbar.","voucher_link":"","start_location_coordinates":"38.57551, -7.91414","start_location_name":"Porta Velha da Lagoa","start_location_address":"R. C\u00e2ndido dos Reis, 7000 \u00c9vora","end_location_name":"Pal\u00e1cio de Dom Manuel I ","partner_object":null},"_links":{"self":[{"href":"https:\/\/explorial.com\/de\/wp-json\/wp\/v2\/product\/95754","targetHints":{"allow":["GET"]}}],"collection":[{"href":"https:\/\/explorial.com\/de\/wp-json\/wp\/v2\/product"}],"about":[{"href":"https:\/\/explorial.com\/de\/wp-json\/wp\/v2\/types\/product"}],"replies":[{"embeddable":true,"href":"https:\/\/explorial.com\/de\/wp-json\/wp\/v2\/comments?post=95754"}],"wp:featuredmedia":[{"embeddable":true,"href":"https:\/\/explorial.com\/de\/wp-json\/wp\/v2\/media\/95686"}],"wp:attachment":[{"href":"https:\/\/explorial.com\/de\/wp-json\/wp\/v2\/media?parent=95754"}],"wp:term":[{"taxonomy":"product_brand","embeddable":true,"href":"https:\/\/explorial.com\/de\/wp-json\/wp\/v2\/product_brand?post=95754"},{"taxonomy":"product_cat","embeddable":true,"href":"https:\/\/explorial.com\/de\/wp-json\/wp\/v2\/product_cat?post=95754"},{"taxonomy":"product_tag","embeddable":true,"href":"https:\/\/explorial.com\/de\/wp-json\/wp\/v2\/product_tag?post=95754"}],"curies":[{"name":"wp","href":"https:\/\/api.w.org\/{rel}","templated":true}]}}