{"id":95150,"date":"2023-06-09T12:56:43","date_gmt":"2023-06-09T12:56:43","guid":{"rendered":"https:\/\/explorial.com\/trails\/staedtetour-hoi-an-1\/"},"modified":"2024-09-10T14:14:12","modified_gmt":"2024-09-10T14:14:12","slug":"staedtetour-hoi-an-1","status":"publish","type":"product","link":"https:\/\/explorial.com\/de\/trails\/staedtetour-hoi-an-1\/","title":{"rendered":"Hoi An"},"content":{"rendered":"","protected":false},"excerpt":{"rendered":"","protected":false},"featured_media":95082,"comment_status":"open","ping_status":"closed","template":"","meta":{"_acf_changed":false},"product_brand":[],"product_cat":[1489,1495],"product_tag":[1512],"class_list":{"0":"post-95150","1":"product","2":"type-product","3":"status-publish","4":"has-post-thumbnail","6":"product_cat-vietnam-de","7":"product_cat-central-vietnam-de","8":"product_tag-hoi-an","10":"first","11":"instock","12":"sale","13":"taxable","14":"shipping-taxable","15":"purchasable","16":"product-type-variable"},"acf":{"city_name":"Hoi An","city_name_display":"Hoi An","languages":"Deutsch, Englisch","duration":"etwa 1.5 - 2 Stunden","description_1":"","description_2":"","city_description":"Die Sch\u00f6nheit und Geschichte von Hoi An ist einzigartig! Wandere durch die charmanten Stra\u00dfen dieser alten Stadt in Vietnam, w\u00e4hrend du die wichtigsten Wahrzeichen und historischen St\u00e4tten entdeckst. Von der ikonischen japanischen Br\u00fccke bis hin zu den bunten Laternen entdeckst du verborgene Sch\u00e4tze und faszinierende Geschichten aus der Vergangenheit und Gegenwart von Hoi An. Als UNESCO-Weltkulturerbe bietet die Altstadt eine einzigartige Mischung aus vietnamesischen, chinesischen und japanischen kulturellen Einfl\u00fcssen, die es zum perfekten Ziel f\u00fcr ein unvergessliches Erlebnis machen.","short_description":"","notes":"","header_image":95076,"highlight_locations":"Japanese Covered Bridge, Thu Bon River, Sa Huynh Museum","additional_wheelchair":"Dieser Trail ist aufgrund von Steigungen und Treppen f\u00fcr Rollst\u00fchle und Kinderwagen nur bedingt geeignet. Alle Orte sind jedoch erreichbar.","voucher_link":"","start_location_coordinates":"15.87802, 108.32409","start_location_name":"Dihn Cam Pho","start_location_address":"52 Nguy\u1ec5n Th\u1ecb Minh Khai, H\u1ed9i An, Qu\u1ea3ng Nam, Vietnam","end_location_name":"Thu Bon Fluss","partner_object":null},"_links":{"self":[{"href":"https:\/\/explorial.com\/de\/wp-json\/wp\/v2\/product\/95150","targetHints":{"allow":["GET"]}}],"collection":[{"href":"https:\/\/explorial.com\/de\/wp-json\/wp\/v2\/product"}],"about":[{"href":"https:\/\/explorial.com\/de\/wp-json\/wp\/v2\/types\/product"}],"replies":[{"embeddable":true,"href":"https:\/\/explorial.com\/de\/wp-json\/wp\/v2\/comments?post=95150"}],"wp:featuredmedia":[{"embeddable":true,"href":"https:\/\/explorial.com\/de\/wp-json\/wp\/v2\/media\/95082"}],"wp:attachment":[{"href":"https:\/\/explorial.com\/de\/wp-json\/wp\/v2\/media?parent=95150"}],"wp:term":[{"taxonomy":"product_brand","embeddable":true,"href":"https:\/\/explorial.com\/de\/wp-json\/wp\/v2\/product_brand?post=95150"},{"taxonomy":"product_cat","embeddable":true,"href":"https:\/\/explorial.com\/de\/wp-json\/wp\/v2\/product_cat?post=95150"},{"taxonomy":"product_tag","embeddable":true,"href":"https:\/\/explorial.com\/de\/wp-json\/wp\/v2\/product_tag?post=95150"}],"curies":[{"name":"wp","href":"https:\/\/api.w.org\/{rel}","templated":true}]}}