{"id":94678,"date":"2023-06-09T11:11:39","date_gmt":"2023-06-09T11:11:39","guid":{"rendered":"https:\/\/explorial.com\/trails\/staedtetour-da-nang-1\/"},"modified":"2024-09-10T14:03:24","modified_gmt":"2024-09-10T14:03:24","slug":"staedtetour-da-nang-1","status":"publish","type":"product","link":"https:\/\/explorial.com\/de\/trails\/staedtetour-da-nang-1\/","title":{"rendered":"Da Nang"},"content":{"rendered":"","protected":false},"excerpt":{"rendered":"","protected":false},"featured_media":94610,"comment_status":"open","ping_status":"closed","template":"","meta":{"_acf_changed":false},"product_brand":[],"product_cat":[1489,1495],"product_tag":[1482],"class_list":{"0":"post-94678","1":"product","2":"type-product","3":"status-publish","4":"has-post-thumbnail","6":"product_cat-vietnam-de","7":"product_cat-central-vietnam-de","8":"product_tag-da-nang","10":"first","11":"instock","12":"sale","13":"taxable","14":"shipping-taxable","15":"purchasable","16":"product-type-variable"},"acf":{"city_name":"Da Nang","city_name_display":"Da Nang","languages":"Deutsch, Englisch","duration":"etwa 1.5 - 2 Stunden","description_1":"","description_2":"","city_description":"Da Nang liegt an der zentralen K\u00fcste Vietnams und hat sich schnell zu einem Muss f\u00fcr alle entwickelt, die das Beste der vietnamesischen Kultur erleben wollen. Die moderne Stadt ist bekannt f\u00fcr ihre beeindruckenden Wahrzeichen, wie die ikonische Drachenbr\u00fccke und die Marmorberge, die einen atemberaubenden Blick auf die umliegende Landschaft bieten.\nOb du nun auf der Suche nach Abenteuern, Entspannung oder einem kulturellen Erlebnis bist, Da Nang hat f\u00fcr jeden etwas zu bieten.","short_description":"","notes":"","header_image":94604,"highlight_locations":"Dragon Bridge, Da Nang Cathedral, Han Market","additional_wheelchair":"Dieser Trail ist aufgrund von Steigungen und Treppen f\u00fcr Rollst\u00fchle und Kinderwagen nur bedingt geeignet. Alle Orte sind jedoch erreichbar.","voucher_link":"","start_location_coordinates":"16.0576, 108.22369","start_location_name":"Brunnen","start_location_address":"B\u1ea1ch \u0110\u1eb1ng, B\u00ecnh Hi\u00ean, 550000, Vietnam","end_location_name":"Trung Vuong Theater","partner_object":null},"_links":{"self":[{"href":"https:\/\/explorial.com\/de\/wp-json\/wp\/v2\/product\/94678","targetHints":{"allow":["GET"]}}],"collection":[{"href":"https:\/\/explorial.com\/de\/wp-json\/wp\/v2\/product"}],"about":[{"href":"https:\/\/explorial.com\/de\/wp-json\/wp\/v2\/types\/product"}],"replies":[{"embeddable":true,"href":"https:\/\/explorial.com\/de\/wp-json\/wp\/v2\/comments?post=94678"}],"wp:featuredmedia":[{"embeddable":true,"href":"https:\/\/explorial.com\/de\/wp-json\/wp\/v2\/media\/94610"}],"wp:attachment":[{"href":"https:\/\/explorial.com\/de\/wp-json\/wp\/v2\/media?parent=94678"}],"wp:term":[{"taxonomy":"product_brand","embeddable":true,"href":"https:\/\/explorial.com\/de\/wp-json\/wp\/v2\/product_brand?post=94678"},{"taxonomy":"product_cat","embeddable":true,"href":"https:\/\/explorial.com\/de\/wp-json\/wp\/v2\/product_cat?post=94678"},{"taxonomy":"product_tag","embeddable":true,"href":"https:\/\/explorial.com\/de\/wp-json\/wp\/v2\/product_tag?post=94678"}],"curies":[{"name":"wp","href":"https:\/\/api.w.org\/{rel}","templated":true}]}}