{"id":92419,"date":"2023-05-29T20:56:11","date_gmt":"2023-05-29T20:56:11","guid":{"rendered":"https:\/\/explorial.com\/trails\/staedtetour-madrid-2\/"},"modified":"2024-02-26T09:46:31","modified_gmt":"2024-02-26T09:46:31","slug":"staedtetour-madrid-2","status":"publish","type":"product","link":"https:\/\/explorial.com\/de\/trails\/staedtetour-madrid-2\/","title":{"rendered":"Madrid (Historisches Zentrum)"},"content":{"rendered":"","protected":false},"excerpt":{"rendered":"","protected":false},"featured_media":92351,"comment_status":"open","ping_status":"closed","template":"","meta":{"_acf_changed":false},"product_brand":[],"product_cat":[1420,484],"product_tag":[1407],"class_list":{"0":"post-92419","1":"product","2":"type-product","3":"status-publish","4":"has-post-thumbnail","6":"product_cat-madrid-region-de","7":"product_cat-spain-de","8":"product_tag-madrid","10":"first","11":"instock","12":"sale","13":"taxable","14":"shipping-taxable","15":"purchasable","16":"product-type-variable"},"acf":{"city_name":"Madrid","city_name_display":"Madrid (Historisches Zentrum)","languages":"Spanisch, Englisch, Franz\u00f6sisch, Deutsch","duration":"etwa 1.5 - 2 Stunden","description_1":"","description_2":"","city_description":"Madrid ist eine Stadt voller Geschichte und Charme. Ein Spaziergang durch das Habsburger Viertel mit der ikonischen Puerta del Sol und der Plaza Mayor ist ein unvergessliches Erlebnis. Auf dem Weg vom majest\u00e4tischen K\u00f6nigspalast zur spektakul\u00e4ren Plaza Espa\u00f1a entdeckst du au\u00dferdem einige der symboltr\u00e4chtigsten Monumente der Stadt, wie die Plaza del Oriente und die Gran V\u00eda. Die spanische Hauptstadt wird dich zweifelsohne auf Schritt und Tritt in ihren Bann ziehen.","short_description":"","notes":"","header_image":92345,"highlight_locations":"Plaza Mayor, El Oso y el Madro\u00f1o, Plaza de Oriente","additional_wheelchair":"Dieser Trail ist aufgrund von Steigungen und Treppen f\u00fcr Rollst\u00fchle und Kinderwagen nur bedingt geeignet. Alle Orte sind jedoch erreichbar.","voucher_link":"","start_location_coordinates":"40.41669, -3.70287","start_location_name":"Fremdenverkehrsb\u00fcro Centro de Turismo de Sol","start_location_address":"Puerta del Sol, 5, 28013, Spanien","end_location_name":"Plaza de la Villa","partner_object":null},"_links":{"self":[{"href":"https:\/\/explorial.com\/de\/wp-json\/wp\/v2\/product\/92419","targetHints":{"allow":["GET"]}}],"collection":[{"href":"https:\/\/explorial.com\/de\/wp-json\/wp\/v2\/product"}],"about":[{"href":"https:\/\/explorial.com\/de\/wp-json\/wp\/v2\/types\/product"}],"replies":[{"embeddable":true,"href":"https:\/\/explorial.com\/de\/wp-json\/wp\/v2\/comments?post=92419"}],"wp:featuredmedia":[{"embeddable":true,"href":"https:\/\/explorial.com\/de\/wp-json\/wp\/v2\/media\/92351"}],"wp:attachment":[{"href":"https:\/\/explorial.com\/de\/wp-json\/wp\/v2\/media?parent=92419"}],"wp:term":[{"taxonomy":"product_brand","embeddable":true,"href":"https:\/\/explorial.com\/de\/wp-json\/wp\/v2\/product_brand?post=92419"},{"taxonomy":"product_cat","embeddable":true,"href":"https:\/\/explorial.com\/de\/wp-json\/wp\/v2\/product_cat?post=92419"},{"taxonomy":"product_tag","embeddable":true,"href":"https:\/\/explorial.com\/de\/wp-json\/wp\/v2\/product_tag?post=92419"}],"curies":[{"name":"wp","href":"https:\/\/api.w.org\/{rel}","templated":true}]}}