{"id":92202,"date":"2023-05-29T20:47:09","date_gmt":"2023-05-29T20:47:09","guid":{"rendered":"https:\/\/explorial.com\/trails\/staedtetour-madrid-1\/"},"modified":"2024-02-26T09:46:34","modified_gmt":"2024-02-26T09:46:34","slug":"staedtetour-madrid-1","status":"publish","type":"product","link":"https:\/\/explorial.com\/de\/trails\/staedtetour-madrid-1\/","title":{"rendered":"Madrid (Cibeles zum Retiro Park)"},"content":{"rendered":"","protected":false},"excerpt":{"rendered":"","protected":false},"featured_media":92140,"comment_status":"open","ping_status":"closed","template":"","meta":{"_acf_changed":false},"product_brand":[],"product_cat":[1420,484],"product_tag":[1407],"class_list":{"0":"post-92202","1":"product","2":"type-product","3":"status-publish","4":"has-post-thumbnail","6":"product_cat-madrid-region-de","7":"product_cat-spain-de","8":"product_tag-madrid","10":"first","11":"instock","12":"sale","13":"taxable","14":"shipping-taxable","15":"purchasable","16":"product-type-variable"},"acf":{"city_name":"Madrid","city_name_display":"Madrid (Cibeles zum Retiro Park)","languages":"Englisch, Spanisch, Franz\u00f6sisch, Deutsch","duration":"etwa 1.5 - 2 Stunden","description_1":"","description_2":"","city_description":"Madrid ist eine Stadt wie keine andere. Von den belebten Pl\u00e4tzen bis zu den sonnendurchfluteten Stra\u00dfen wird dich die spanische Hauptstadt mit Sicherheit in ihren Bann ziehen. Ikonische Monumente wie der Palast der Cybele und das Tor von Alcal\u00e1 erwarten dich in Madrid, ebenso wie eine der beliebtesten und sehenswertesten Attraktionen, der Retiro-Park. Mit seinem gro\u00dfen Teich, dem majest\u00e4tischen Kristallpalast und den \u00fcppigen G\u00e4rten ist er ein idyllischer Ort f\u00fcr einen gem\u00fctlichen Spaziergang, w\u00e4hrend du Madrids Kultur und Geschichte entdeckst.","short_description":"","notes":"","header_image":92134,"highlight_locations":"Palacio de Cibeles, Palacio de Cristal, Parque del Retiro","additional_wheelchair":"Dieser Trail ist aufgrund von Steigungen und Treppen f\u00fcr Rollst\u00fchle und Kinderwagen nur bedingt geeignet. Alle Orte sind jedoch erreichbar.","voucher_link":"","start_location_coordinates":"40.41895, -3.69447","start_location_name":"Metrostation Banco de Espa\u00f1a","start_location_address":"Calle de Alcal\u00e1, 48, 28014, Spanien","end_location_name":"Fuente de la Alcachofa","partner_object":null},"_links":{"self":[{"href":"https:\/\/explorial.com\/de\/wp-json\/wp\/v2\/product\/92202","targetHints":{"allow":["GET"]}}],"collection":[{"href":"https:\/\/explorial.com\/de\/wp-json\/wp\/v2\/product"}],"about":[{"href":"https:\/\/explorial.com\/de\/wp-json\/wp\/v2\/types\/product"}],"replies":[{"embeddable":true,"href":"https:\/\/explorial.com\/de\/wp-json\/wp\/v2\/comments?post=92202"}],"wp:featuredmedia":[{"embeddable":true,"href":"https:\/\/explorial.com\/de\/wp-json\/wp\/v2\/media\/92140"}],"wp:attachment":[{"href":"https:\/\/explorial.com\/de\/wp-json\/wp\/v2\/media?parent=92202"}],"wp:term":[{"taxonomy":"product_brand","embeddable":true,"href":"https:\/\/explorial.com\/de\/wp-json\/wp\/v2\/product_brand?post=92202"},{"taxonomy":"product_cat","embeddable":true,"href":"https:\/\/explorial.com\/de\/wp-json\/wp\/v2\/product_cat?post=92202"},{"taxonomy":"product_tag","embeddable":true,"href":"https:\/\/explorial.com\/de\/wp-json\/wp\/v2\/product_tag?post=92202"}],"curies":[{"name":"wp","href":"https:\/\/api.w.org\/{rel}","templated":true}]}}