{"id":83660,"date":"2023-05-02T20:29:22","date_gmt":"2023-05-02T20:29:22","guid":{"rendered":"https:\/\/explorial.com\/trails\/staedtetour-wurzburg-1\/"},"modified":"2024-09-16T11:31:41","modified_gmt":"2024-09-16T11:31:41","slug":"staedtetour-wurzburg-1","status":"publish","type":"product","link":"https:\/\/explorial.com\/de\/trails\/staedtetour-wurzburg-1\/","title":{"rendered":"W\u00fcrzburg"},"content":{"rendered":"","protected":false},"excerpt":{"rendered":"","protected":false},"featured_media":83592,"comment_status":"open","ping_status":"closed","template":"","meta":{"_acf_changed":false},"product_brand":[],"product_cat":[587,555],"product_tag":[1345],"class_list":{"0":"post-83660","1":"product","2":"type-product","3":"status-publish","4":"has-post-thumbnail","6":"product_cat-bavaria-de","7":"product_cat-germany-de","8":"product_tag-wurzburg","10":"first","11":"instock","12":"sale","13":"taxable","14":"shipping-taxable","15":"purchasable","16":"product-type-variable"},"acf":{"city_name":"W\u00fcrzburg","city_name_display":"W\u00fcrzburg","languages":"Deutsch, Englisch","duration":"etwa 1.5 - 2 Stunden","description_1":"","description_2":"","city_description":"W\u00fcrzburg, das sind Welterbe, Weinkultur und Wissenschaft. Als architektonische Perle direkt am Main fasziniert die Universit\u00e4tsstadt in Unterfranken vor allem aufgrund ihrer vielseitigen Gegens\u00e4tze. Neben Tradition, kunsthistorischer Highlights und UNESCO-Weltkulturerbe erfreuen sich Besucher\/-innen auch an studentischer Ausgelassenheit, Weltmusik und Kulinarik. Ein Topziel f\u00fcr alle, die das Leben genie\u00dfen und w\u00e4hrenddessen nicht auf Kultur verzichten m\u00f6chten. ","short_description":"","notes":"","header_image":241651,"highlight_locations":"Alter Kranen, Alte Mainbr\u00fccke, Residenz W\u00fcrzburg","additional_wheelchair":"Dieser Trail ist aufgrund von Steigungen und Treppen f\u00fcr Rollst\u00fchle und Kinderwagen nur bedingt geeignet. Alle Orte sind jedoch erreichbar.","voucher_link":"","start_location_coordinates":"49.80124, 9.93562","start_location_name":"Hauptbahnhof W\u00fcrzburg","start_location_address":"Bahnhofplatz 4, 97070 W\u00fcrzburg, Germany","end_location_name":"Staatlicher Hofkeller","partner_object":null},"_links":{"self":[{"href":"https:\/\/explorial.com\/de\/wp-json\/wp\/v2\/product\/83660","targetHints":{"allow":["GET"]}}],"collection":[{"href":"https:\/\/explorial.com\/de\/wp-json\/wp\/v2\/product"}],"about":[{"href":"https:\/\/explorial.com\/de\/wp-json\/wp\/v2\/types\/product"}],"replies":[{"embeddable":true,"href":"https:\/\/explorial.com\/de\/wp-json\/wp\/v2\/comments?post=83660"}],"wp:featuredmedia":[{"embeddable":true,"href":"https:\/\/explorial.com\/de\/wp-json\/wp\/v2\/media\/83592"}],"wp:attachment":[{"href":"https:\/\/explorial.com\/de\/wp-json\/wp\/v2\/media?parent=83660"}],"wp:term":[{"taxonomy":"product_brand","embeddable":true,"href":"https:\/\/explorial.com\/de\/wp-json\/wp\/v2\/product_brand?post=83660"},{"taxonomy":"product_cat","embeddable":true,"href":"https:\/\/explorial.com\/de\/wp-json\/wp\/v2\/product_cat?post=83660"},{"taxonomy":"product_tag","embeddable":true,"href":"https:\/\/explorial.com\/de\/wp-json\/wp\/v2\/product_tag?post=83660"}],"curies":[{"name":"wp","href":"https:\/\/api.w.org\/{rel}","templated":true}]}}