{"id":75809,"date":"2023-03-20T15:30:23","date_gmt":"2023-03-20T15:30:23","guid":{"rendered":"https:\/\/explorial.com\/trails\/staedtetour-bielefeld-1\/"},"modified":"2024-09-16T11:40:19","modified_gmt":"2024-09-16T11:40:19","slug":"staedtetour-bielefeld-1","status":"publish","type":"product","link":"https:\/\/explorial.com\/de\/trails\/staedtetour-bielefeld-1\/","title":{"rendered":"Bielefeld"},"content":{"rendered":"","protected":false},"excerpt":{"rendered":"","protected":false},"featured_media":75741,"comment_status":"open","ping_status":"closed","template":"","meta":{"_acf_changed":false},"product_brand":[],"product_cat":[555,559],"product_tag":[1231],"class_list":{"0":"post-75809","1":"product","2":"type-product","3":"status-publish","4":"has-post-thumbnail","6":"product_cat-germany-de","7":"product_cat-north-rhine-westphalia-de","8":"product_tag-bielefeld","10":"first","11":"instock","12":"sale","13":"taxable","14":"shipping-taxable","15":"purchasable","16":"product-type-variable"},"acf":{"city_name":"Bielefeld","city_name_display":"Bielefeld","languages":"Deutsch, Englisch","duration":"etwa 1.5 - 2 Stunden","description_1":"","description_2":"","city_description":"\u2018Bielefeld? Das gibt\u2019s doch gar nicht!\u2019 - Vielen ist die Bielefelder-Verschw\u00f6rung bekannt und die scheinbare Nicht-Existenz der Stadt wird deutschlandweit stets bel\u00e4chelt. Doch Bielefeld existiert! \u00dcberzeugt euch selbst, dass es sich bei der Verschw\u00f6rungstheorie um nichts weiter als einen Scherz handelt. Denn inmitten von gleich drei Naturr\u00e4umen wie dem Gebirgszug des Teutoburger Waldes, der H\u00fcgellandschaft der Ravensberger Mulde und dem Sandgebiet Senne liegt die Stadt am sogenannten Bielefelder Pass. Mit ihrem stattlichen Alter von \u00fcber 800 Jahren bringt Bielefeld mit ihrer reichen Geschichte eine Vielfalt mit, die entdeckt werden will.","short_description":"","notes":"","header_image":75735,"highlight_locations":"Alter Markt, Skulpturenpark, Sparrenburg","additional_wheelchair":"Dieser Trail ist aufgrund von Steigungen und Treppen f\u00fcr Rollst\u00fchle und Kinderwagen nur bedingt geeignet. Alle Orte sind jedoch erreichbar.","voucher_link":"","start_location_coordinates":"52.02305, 8.53307","start_location_name":"Jahnplatz","start_location_address":"33602 Bielefeld, Deutschland","end_location_name":"Bunker Ulmenwall","partner_object":null},"_links":{"self":[{"href":"https:\/\/explorial.com\/de\/wp-json\/wp\/v2\/product\/75809","targetHints":{"allow":["GET"]}}],"collection":[{"href":"https:\/\/explorial.com\/de\/wp-json\/wp\/v2\/product"}],"about":[{"href":"https:\/\/explorial.com\/de\/wp-json\/wp\/v2\/types\/product"}],"replies":[{"embeddable":true,"href":"https:\/\/explorial.com\/de\/wp-json\/wp\/v2\/comments?post=75809"}],"wp:featuredmedia":[{"embeddable":true,"href":"https:\/\/explorial.com\/de\/wp-json\/wp\/v2\/media\/75741"}],"wp:attachment":[{"href":"https:\/\/explorial.com\/de\/wp-json\/wp\/v2\/media?parent=75809"}],"wp:term":[{"taxonomy":"product_brand","embeddable":true,"href":"https:\/\/explorial.com\/de\/wp-json\/wp\/v2\/product_brand?post=75809"},{"taxonomy":"product_cat","embeddable":true,"href":"https:\/\/explorial.com\/de\/wp-json\/wp\/v2\/product_cat?post=75809"},{"taxonomy":"product_tag","embeddable":true,"href":"https:\/\/explorial.com\/de\/wp-json\/wp\/v2\/product_tag?post=75809"}],"curies":[{"name":"wp","href":"https:\/\/api.w.org\/{rel}","templated":true}]}}