{"id":75341,"date":"2023-03-20T15:11:27","date_gmt":"2023-03-20T15:11:27","guid":{"rendered":"https:\/\/explorial.com\/trails\/staedtetour-bayreuth-1\/"},"modified":"2024-09-16T11:11:35","modified_gmt":"2024-09-16T11:11:35","slug":"staedtetour-bayreuth-1","status":"publish","type":"product","link":"https:\/\/explorial.com\/de\/trails\/staedtetour-bayreuth-1\/","title":{"rendered":"Bayreuth"},"content":{"rendered":"","protected":false},"excerpt":{"rendered":"","protected":false},"featured_media":75273,"comment_status":"open","ping_status":"closed","template":"","meta":{"_acf_changed":false},"product_brand":[],"product_cat":[587,555],"product_tag":[1214],"class_list":{"0":"post-75341","1":"product","2":"type-product","3":"status-publish","4":"has-post-thumbnail","6":"product_cat-bavaria-de","7":"product_cat-germany-de","8":"product_tag-bayreuth-de","10":"first","11":"instock","12":"sale","13":"taxable","14":"shipping-taxable","15":"purchasable","16":"product-type-variable"},"acf":{"city_name":"Bayreuth","city_name_display":"Bayreuth","languages":"Deutsch, Englisch","duration":"etwa 1.5 - 2 Stunden","description_1":"","description_2":"","city_description":"Neben zahlreichen ber\u00fchmten Musik- und Theaterfestivals gibt es hier vor allem verwunschene Parks, architektonische Highlights, ein ganz besonderes UNESCO-Weltkulturerbe und zahlreiche spannende Museen zu entdecken. Die fr\u00e4nkische Stadt scheint sich dabei zun\u00e4chst ganz der klassischen Harmonie verschrieben zu haben, zeigt sich dann aber doch auch gerne mal in ihrer rustikalen Z\u00fcnftigkeit. Vielschichtig, ansprechend und bodenst\u00e4ndig.","short_description":"","notes":"","header_image":241597,"highlight_locations":"UNESCO-Weltkulturerbe Markgr\u00e4fliches Opernhaus, Neues Schloss, Der Dinosaurier","additional_wheelchair":"Dieser Trail ist aufgrund von Steigungen und Treppen f\u00fcr Rollst\u00fchle und Kinderwagen nur bedingt geeignet. Alle Orte sind jedoch erreichbar.","voucher_link":"","start_location_coordinates":"49.94642, 11.57667","start_location_name":"Bayreuther Kugelbrunnen","start_location_address":"Luitpoldplatz 13, 95444 Bayreuth, Deutschland","end_location_name":"Im Ehrenhof des Alten Schlosses","partner_object":null},"_links":{"self":[{"href":"https:\/\/explorial.com\/de\/wp-json\/wp\/v2\/product\/75341","targetHints":{"allow":["GET"]}}],"collection":[{"href":"https:\/\/explorial.com\/de\/wp-json\/wp\/v2\/product"}],"about":[{"href":"https:\/\/explorial.com\/de\/wp-json\/wp\/v2\/types\/product"}],"replies":[{"embeddable":true,"href":"https:\/\/explorial.com\/de\/wp-json\/wp\/v2\/comments?post=75341"}],"wp:featuredmedia":[{"embeddable":true,"href":"https:\/\/explorial.com\/de\/wp-json\/wp\/v2\/media\/75273"}],"wp:attachment":[{"href":"https:\/\/explorial.com\/de\/wp-json\/wp\/v2\/media?parent=75341"}],"wp:term":[{"taxonomy":"product_brand","embeddable":true,"href":"https:\/\/explorial.com\/de\/wp-json\/wp\/v2\/product_brand?post=75341"},{"taxonomy":"product_cat","embeddable":true,"href":"https:\/\/explorial.com\/de\/wp-json\/wp\/v2\/product_cat?post=75341"},{"taxonomy":"product_tag","embeddable":true,"href":"https:\/\/explorial.com\/de\/wp-json\/wp\/v2\/product_tag?post=75341"}],"curies":[{"name":"wp","href":"https:\/\/api.w.org\/{rel}","templated":true}]}}