{"id":68497,"date":"2023-03-01T09:41:28","date_gmt":"2023-03-01T09:41:28","guid":{"rendered":"https:\/\/explorial.com\/trails\/staedtetour-obidos-1\/"},"modified":"2024-09-17T13:20:41","modified_gmt":"2024-09-17T13:20:41","slug":"staedtetour-obidos-1","status":"publish","type":"product","link":"https:\/\/explorial.com\/de\/trails\/staedtetour-obidos-1\/","title":{"rendered":"\u00d3bidos"},"content":{"rendered":"","protected":false},"excerpt":{"rendered":"","protected":false},"featured_media":68429,"comment_status":"open","ping_status":"closed","template":"","meta":{"_acf_changed":false},"product_brand":[],"product_cat":[477,494],"product_tag":[1075],"class_list":{"0":"post-68497","1":"product","2":"type-product","3":"status-publish","4":"has-post-thumbnail","6":"product_cat-portugal-de","7":"product_cat-central-portugal-de","8":"product_tag-obidos","10":"first","11":"instock","12":"sale","13":"taxable","14":"shipping-taxable","15":"purchasable","16":"product-type-variable"},"acf":{"city_name":"\u00d3bidos","city_name_display":"\u00d3bidos","languages":"Englisch, Portugiesisch, Spanisch, Franz\u00f6sisch, Deutsch","duration":"etwa 1.5 - 2 Stunden","description_1":"","description_2":"","city_description":"\u00d3bidos ist eine malerische Stadt mit r\u00f6mischem Ursprung. Es ist unm\u00f6glich, sich nicht in ihren Charme zu verlieben und sich auf diese mittelalterliche Umgebung einzulassen. Verliere dich in den engen und verwinkelten Gassen und lass dich von den \u00dcberresten anderer Zeiten inspirieren. \u00d3bidos wird jeden Tag erneuert. Das kulturelle Leben ist intensiv und einzigartig. Mach dich bereit f\u00fcr eine Reise in die Vergangenheit in der historischsten Stadt Portugals! ","short_description":"","notes":"","header_image":68423,"highlight_locations":"Castelo de \u00d3bidos, Pelourinho de \u00d3bidos, Livraria Santiago ","additional_wheelchair":"Dieser Trail ist aufgrund von Steigungen und Treppen f\u00fcr Rollst\u00fchle und Kinderwagen nur bedingt geeignet. Alle Orte sind jedoch erreichbar.","voucher_link":"","start_location_coordinates":"39.35826, -9.15782","start_location_name":"Tourismusb\u00fcro \u00d3bidos","start_location_address":"Rua da Porta da Vila 16, 2510-089, Portugal","end_location_name":"Schaukel von \u00d3bidos (Baloi\u00e7o de \u00d3bidos)","partner_object":null},"_links":{"self":[{"href":"https:\/\/explorial.com\/de\/wp-json\/wp\/v2\/product\/68497","targetHints":{"allow":["GET"]}}],"collection":[{"href":"https:\/\/explorial.com\/de\/wp-json\/wp\/v2\/product"}],"about":[{"href":"https:\/\/explorial.com\/de\/wp-json\/wp\/v2\/types\/product"}],"replies":[{"embeddable":true,"href":"https:\/\/explorial.com\/de\/wp-json\/wp\/v2\/comments?post=68497"}],"wp:featuredmedia":[{"embeddable":true,"href":"https:\/\/explorial.com\/de\/wp-json\/wp\/v2\/media\/68429"}],"wp:attachment":[{"href":"https:\/\/explorial.com\/de\/wp-json\/wp\/v2\/media?parent=68497"}],"wp:term":[{"taxonomy":"product_brand","embeddable":true,"href":"https:\/\/explorial.com\/de\/wp-json\/wp\/v2\/product_brand?post=68497"},{"taxonomy":"product_cat","embeddable":true,"href":"https:\/\/explorial.com\/de\/wp-json\/wp\/v2\/product_cat?post=68497"},{"taxonomy":"product_tag","embeddable":true,"href":"https:\/\/explorial.com\/de\/wp-json\/wp\/v2\/product_tag?post=68497"}],"curies":[{"name":"wp","href":"https:\/\/api.w.org\/{rel}","templated":true}]}}