{"id":66034,"date":"2023-02-17T10:44:14","date_gmt":"2023-02-17T10:44:14","guid":{"rendered":"https:\/\/explorial.com\/trails\/staedtetour-granada-1\/"},"modified":"2024-09-17T07:53:04","modified_gmt":"2024-09-17T07:53:04","slug":"staedtetour-granada-1","status":"publish","type":"product","link":"https:\/\/explorial.com\/de\/trails\/staedtetour-granada-1\/","title":{"rendered":"Granada"},"content":{"rendered":"","protected":false},"excerpt":{"rendered":"","protected":false},"featured_media":65966,"comment_status":"open","ping_status":"closed","template":"","meta":{"_acf_changed":false},"product_brand":[],"product_cat":[486,484],"product_tag":[482],"class_list":{"0":"post-66034","1":"product","2":"type-product","3":"status-publish","4":"has-post-thumbnail","6":"product_cat-andalusia-de","7":"product_cat-spain-de","8":"product_tag-granada-de","10":"first","11":"instock","12":"sale","13":"taxable","14":"shipping-taxable","15":"purchasable","16":"product-type-variable"},"acf":{"city_name":"Granada","city_name_display":"Granada","languages":"Englisch, Spanisch, Franz\u00f6sisch, Deutsch","duration":"etwa 1.5 - 2 Stunden","description_1":"","description_2":"","city_description":"Mit ihren eleganten Stra\u00dfen und charmanten Pl\u00e4tzen ist Granada eine fesselnde Stadt, die dich sicher in Erstaunen versetzen wird. Von der beeindruckenden Kathedrale \u00fcber romantische Aussichtspunkte bis hin zum lebhaften maurischen Basar - Granada hat neben der faszinierenden Alhambra noch viel mehr zu bieten. Verliere dich in den labyrinthartigen Stra\u00dfen des historischen Granadas und lass dich von den arabischen Einfl\u00fcssen und dem spanischen Charme \u00fcberraschen.","short_description":"","notes":"","header_image":65960,"highlight_locations":"Catedral de Granada, El Corral del Carb\u00f3n, Alcaicer\u00eda","additional_wheelchair":"Dieser Trail ist aufgrund von Steigungen und Treppen f\u00fcr Rollst\u00fchle und Kinderwagen nur bedingt geeignet. Alle Orte sind jedoch erreichbar.","voucher_link":"","start_location_coordinates":"37.17678, -3.59607","start_location_name":"Plaza Nueva","start_location_address":"Plaza Nueva, 18010 Spanien","end_location_name":"Aussichtspunkt \"Placeta de Carvajales\"","partner_object":null},"_links":{"self":[{"href":"https:\/\/explorial.com\/de\/wp-json\/wp\/v2\/product\/66034","targetHints":{"allow":["GET"]}}],"collection":[{"href":"https:\/\/explorial.com\/de\/wp-json\/wp\/v2\/product"}],"about":[{"href":"https:\/\/explorial.com\/de\/wp-json\/wp\/v2\/types\/product"}],"replies":[{"embeddable":true,"href":"https:\/\/explorial.com\/de\/wp-json\/wp\/v2\/comments?post=66034"}],"wp:featuredmedia":[{"embeddable":true,"href":"https:\/\/explorial.com\/de\/wp-json\/wp\/v2\/media\/65966"}],"wp:attachment":[{"href":"https:\/\/explorial.com\/de\/wp-json\/wp\/v2\/media?parent=66034"}],"wp:term":[{"taxonomy":"product_brand","embeddable":true,"href":"https:\/\/explorial.com\/de\/wp-json\/wp\/v2\/product_brand?post=66034"},{"taxonomy":"product_cat","embeddable":true,"href":"https:\/\/explorial.com\/de\/wp-json\/wp\/v2\/product_cat?post=66034"},{"taxonomy":"product_tag","embeddable":true,"href":"https:\/\/explorial.com\/de\/wp-json\/wp\/v2\/product_tag?post=66034"}],"curies":[{"name":"wp","href":"https:\/\/api.w.org\/{rel}","templated":true}]}}