{"id":65706,"date":"2023-02-17T10:25:45","date_gmt":"2023-02-17T10:25:45","guid":{"rendered":"https:\/\/explorial.com\/trails\/staedtetour-osnabruck-1\/"},"modified":"2024-09-16T11:08:45","modified_gmt":"2024-09-16T11:08:45","slug":"staedtetour-osnabruck-1","status":"publish","type":"product","link":"https:\/\/explorial.com\/de\/trails\/staedtetour-osnabruck-1\/","title":{"rendered":"Osnabr\u00fcck"},"content":{"rendered":"","protected":false},"excerpt":{"rendered":"","protected":false},"featured_media":65638,"comment_status":"open","ping_status":"closed","template":"","meta":{"_acf_changed":false},"product_brand":[],"product_cat":[555,1057],"product_tag":[1051],"class_list":{"0":"post-65706","1":"product","2":"type-product","3":"status-publish","4":"has-post-thumbnail","6":"product_cat-germany-de","7":"product_cat-lower-saxony-de","8":"product_tag-osnabruck","10":"first","11":"instock","12":"sale","13":"taxable","14":"shipping-taxable","15":"purchasable","16":"product-type-variable"},"acf":{"city_name":"Osnabr\u00fcck","city_name_display":"Osnabr\u00fcck","languages":"Englisch, Deutsch","duration":"etwa 1.5 - 2 Stunden","description_1":"","description_2":"","city_description":"Inmitten eines Naturparks gelegen, erhebt sich Osnabr\u00fcck im nieders\u00e4chsischen Bergland. Bereits im Fr\u00fchmittelalter entstand die Stadt unter dem Bistum Osnabr\u00fcck als Knotenpunkt bedeutender Handelsstra\u00dfen. Doch ber\u00fchmt ist die Stadt f\u00fcr den Westf\u00e4lischen Frieden. Hier wurde nach langanhaltenden K\u00e4mpfen der Drei\u00dfigj\u00e4hrige Krieg mit der Unterzeichnung eines Friedensvertrages beendet. Und so kommt es, dass die Stadt ihren Friedensauftrag bis heute behalten hat. Nicht umsonst lautet der Slogan \u201aOsnabr\u00fcck \u2013 Die Friedensstadt, wo der Friede Geschichte und Zukunft hat.\u2018","short_description":"","notes":"","header_image":241572,"highlight_locations":"Historisches Rathaus Osnabr\u00fcck, Dom St. Peter, Bucksturm","additional_wheelchair":"Dieser Trail ist aufgrund von Steigungen und Treppen f\u00fcr Rollst\u00fchle und Kinderwagen nur bedingt geeignet. Alle Orte sind jedoch erreichbar.","voucher_link":"","start_location_coordinates":"52.27679, 8.04396","start_location_name":"Platz der Deutschen Einheit","start_location_address":"49074 Osnabr\u00fcck","end_location_name":"Historisches Rathaus Osnabr\u00fcck","partner_object":null},"_links":{"self":[{"href":"https:\/\/explorial.com\/de\/wp-json\/wp\/v2\/product\/65706","targetHints":{"allow":["GET"]}}],"collection":[{"href":"https:\/\/explorial.com\/de\/wp-json\/wp\/v2\/product"}],"about":[{"href":"https:\/\/explorial.com\/de\/wp-json\/wp\/v2\/types\/product"}],"replies":[{"embeddable":true,"href":"https:\/\/explorial.com\/de\/wp-json\/wp\/v2\/comments?post=65706"}],"wp:featuredmedia":[{"embeddable":true,"href":"https:\/\/explorial.com\/de\/wp-json\/wp\/v2\/media\/65638"}],"wp:attachment":[{"href":"https:\/\/explorial.com\/de\/wp-json\/wp\/v2\/media?parent=65706"}],"wp:term":[{"taxonomy":"product_brand","embeddable":true,"href":"https:\/\/explorial.com\/de\/wp-json\/wp\/v2\/product_brand?post=65706"},{"taxonomy":"product_cat","embeddable":true,"href":"https:\/\/explorial.com\/de\/wp-json\/wp\/v2\/product_cat?post=65706"},{"taxonomy":"product_tag","embeddable":true,"href":"https:\/\/explorial.com\/de\/wp-json\/wp\/v2\/product_tag?post=65706"}],"curies":[{"name":"wp","href":"https:\/\/api.w.org\/{rel}","templated":true}]}}