{"id":44863,"date":"2022-06-03T08:11:19","date_gmt":"2022-06-03T08:11:19","guid":{"rendered":"https:\/\/explorial.com\/trails\/staedtetour-rapperswil-1\/"},"modified":"2025-08-28T09:59:24","modified_gmt":"2025-08-28T09:59:24","slug":"staedtetour-rapperswil-1","status":"publish","type":"product","link":"https:\/\/explorial.com\/de\/trails\/staedtetour-rapperswil-1\/","title":{"rendered":"Rapperswil"},"content":{"rendered":"","protected":false},"excerpt":{"rendered":"","protected":false},"featured_media":303729,"comment_status":"open","ping_status":"closed","template":"","meta":{"_acf_changed":false},"product_brand":[],"product_cat":[818,843],"product_tag":[902],"class_list":{"0":"post-44863","1":"product","2":"type-product","3":"status-publish","4":"has-post-thumbnail","6":"product_cat-switzerland-de","7":"product_cat-zurich-region-de","8":"product_tag-rapperswil","10":"first","11":"instock","12":"sale","13":"taxable","14":"shipping-taxable","15":"purchasable","16":"product-type-variable"},"acf":{"city_name":"Rapperswil","city_name_display":"Rapperswil","languages":"Deutsch, Englisch","duration":"etwa 1.5 - 2 Stunden","description_1":"","description_2":"","city_description":"Rapperswil, am \u00f6stlichen Z\u00fcrichseeufer, bietet eine sch\u00f6ne Altstadt, eine wunderbare Lage am See und ist ein guter Ausgangsort f\u00fcr verschiedene Ausfl\u00fcge in die Umgebung.","short_description":"","notes":"","header_image":303723,"highlight_locations":"Schloss Rapperswil, Rosengarten, Seedamm und Holzsteg","additional_wheelchair":"Dieser Trail ist aufgrund von Steigungen und Treppen f\u00fcr Rollst\u00fchle und Kinderwagen nur bedingt geeignet. Alle Orte sind jedoch erreichbar.","voucher_link":"","start_location_coordinates":"47.22534, 8.81558","start_location_name":"Fischmarktplatz","start_location_address":"8640 Rapperswil-Jona","end_location_name":"Seedamm und Holzsteg","partner_object":null},"_links":{"self":[{"href":"https:\/\/explorial.com\/de\/wp-json\/wp\/v2\/product\/44863","targetHints":{"allow":["GET"]}}],"collection":[{"href":"https:\/\/explorial.com\/de\/wp-json\/wp\/v2\/product"}],"about":[{"href":"https:\/\/explorial.com\/de\/wp-json\/wp\/v2\/types\/product"}],"replies":[{"embeddable":true,"href":"https:\/\/explorial.com\/de\/wp-json\/wp\/v2\/comments?post=44863"}],"wp:featuredmedia":[{"embeddable":true,"href":"https:\/\/explorial.com\/de\/wp-json\/wp\/v2\/media\/303729"}],"wp:attachment":[{"href":"https:\/\/explorial.com\/de\/wp-json\/wp\/v2\/media?parent=44863"}],"wp:term":[{"taxonomy":"product_brand","embeddable":true,"href":"https:\/\/explorial.com\/de\/wp-json\/wp\/v2\/product_brand?post=44863"},{"taxonomy":"product_cat","embeddable":true,"href":"https:\/\/explorial.com\/de\/wp-json\/wp\/v2\/product_cat?post=44863"},{"taxonomy":"product_tag","embeddable":true,"href":"https:\/\/explorial.com\/de\/wp-json\/wp\/v2\/product_tag?post=44863"}],"curies":[{"name":"wp","href":"https:\/\/api.w.org\/{rel}","templated":true}]}}