{"id":43295,"date":"2022-10-22T08:00:59","date_gmt":"2022-10-22T08:00:59","guid":{"rendered":"https:\/\/explorial.com\/trails\/staedtetour-freiburg-1\/"},"modified":"2024-09-16T08:56:06","modified_gmt":"2024-09-16T08:56:06","slug":"staedtetour-fribourg-1","status":"publish","type":"product","link":"https:\/\/explorial.com\/de\/trails\/staedtetour-fribourg-1\/","title":{"rendered":"Fribourg"},"content":{"rendered":"","protected":false},"excerpt":{"rendered":"","protected":false},"featured_media":261885,"comment_status":"open","ping_status":"closed","template":"","meta":{"_acf_changed":false},"product_brand":[],"product_cat":[873,818],"product_tag":[867],"class_list":{"0":"post-43295","1":"product","2":"type-product","3":"status-publish","4":"has-post-thumbnail","6":"product_cat-lake-geneva-region-de","7":"product_cat-switzerland-de","8":"product_tag-fribourg","10":"first","11":"instock","12":"sale","13":"taxable","14":"shipping-taxable","15":"purchasable","16":"product-type-variable"},"acf":{"city_name":"Fribourg","city_name_display":"Fribourg","languages":"Deutsch, Englisch, Franz\u00f6sisch","duration":"etwa 1.5 - 2 Stunden","description_1":"","description_2":"","city_description":"Freiburg ist eine Stadt mit viel Charme, engen Gassen und unz\u00e4hligen historischen Geb\u00e4uden. Die Stadt liegt auf einem Felsvorsprung am Ufer der Saane, inmitten von Feldern und W\u00e4ldern. An der kulturellen Grenze zwischen der franz\u00f6sischen und der deutschen Schweiz gelegen, ist Freiburg eine zweisprachige Stadt voller Kontraste, die es zu entdecken gilt.","short_description":"","notes":"","header_image":261879,"highlight_locations":"Fontaine de Samson, Cath\u00e9drale Saint-Nicolas, Pont de Berne","additional_wheelchair":"Dieser Trail ist aufgrund von Steigungen und Treppen f\u00fcr Rollst\u00fchle und Kinderwagen nur bedingt geeignet. Alle Orte sind jedoch erreichbar.","voucher_link":"","start_location_coordinates":"46.80237, 7.15407","start_location_name":"Joe Siffert Brunnen","start_location_address":"All. des Grand-Places 1, 1700 Fribourg","end_location_name":"Station der Standseilbahn","partner_object":null},"_links":{"self":[{"href":"https:\/\/explorial.com\/de\/wp-json\/wp\/v2\/product\/43295","targetHints":{"allow":["GET"]}}],"collection":[{"href":"https:\/\/explorial.com\/de\/wp-json\/wp\/v2\/product"}],"about":[{"href":"https:\/\/explorial.com\/de\/wp-json\/wp\/v2\/types\/product"}],"replies":[{"embeddable":true,"href":"https:\/\/explorial.com\/de\/wp-json\/wp\/v2\/comments?post=43295"}],"wp:featuredmedia":[{"embeddable":true,"href":"https:\/\/explorial.com\/de\/wp-json\/wp\/v2\/media\/261885"}],"wp:attachment":[{"href":"https:\/\/explorial.com\/de\/wp-json\/wp\/v2\/media?parent=43295"}],"wp:term":[{"taxonomy":"product_brand","embeddable":true,"href":"https:\/\/explorial.com\/de\/wp-json\/wp\/v2\/product_brand?post=43295"},{"taxonomy":"product_cat","embeddable":true,"href":"https:\/\/explorial.com\/de\/wp-json\/wp\/v2\/product_cat?post=43295"},{"taxonomy":"product_tag","embeddable":true,"href":"https:\/\/explorial.com\/de\/wp-json\/wp\/v2\/product_tag?post=43295"}],"curies":[{"name":"wp","href":"https:\/\/api.w.org\/{rel}","templated":true}]}}