{"id":42464,"date":"2021-05-20T07:54:37","date_gmt":"2021-05-20T07:54:37","guid":{"rendered":"https:\/\/explorial.com\/product\/staedtetour-basel-1\/"},"modified":"2024-09-16T09:24:10","modified_gmt":"2024-09-16T09:24:10","slug":"staedtetour-basel-1","status":"publish","type":"product","link":"https:\/\/explorial.com\/de\/trails\/staedtetour-basel-1\/","title":{"rendered":"Basel"},"content":{"rendered":"","protected":false},"excerpt":{"rendered":"","protected":false},"featured_media":42407,"comment_status":"open","ping_status":"closed","template":"","meta":{"_acf_changed":false},"product_brand":[],"product_cat":[818,833],"product_tag":[847],"class_list":{"0":"post-42464","1":"product","2":"type-product","3":"status-publish","4":"has-post-thumbnail","6":"product_cat-switzerland-de","7":"product_cat-central-and-northwestern-switzerland-de","8":"product_tag-basel","10":"first","11":"instock","12":"sale","13":"taxable","14":"shipping-taxable","15":"purchasable","16":"product-type-variable"},"acf":{"city_name":"Basel","city_name_display":"Basel","languages":"Englisch, Deutsch, Spanisch, Italienisch, Franz\u00f6sisch","duration":"etwa 1.5 - 2 Stunden","description_1":"","description_2":"","city_description":"Auch ausserhalb der Fasnachtszeit ist Basel immer eine Reise wert. Lernt den L\u00e4llek\u00f6nig und den Basilisken kennen und erfahrt mehr \u00fcber diese geschichtstr\u00e4chtige Grenzstadt am Dreil\u00e4ndereck.","short_description":"","notes":"","header_image":86728,"highlight_locations":"Tinguely Brunnen, Aussichtspunkt Pfalz, Rathaus","additional_wheelchair":"Dieser Trail ist aufgrund von Steigungen und Treppen f\u00fcr Rollst\u00fchle und Kinderwagen nur bedingt geeignet. Alle Orte sind jedoch erreichbar.","voucher_link":"","start_location_coordinates":"47.55458, 7.5897","start_location_name":"Barf\u00fcsserplatz","start_location_address":"4000 Basel","end_location_name":"Rockstar Graffito","partner_object":72687},"_links":{"self":[{"href":"https:\/\/explorial.com\/de\/wp-json\/wp\/v2\/product\/42464","targetHints":{"allow":["GET"]}}],"collection":[{"href":"https:\/\/explorial.com\/de\/wp-json\/wp\/v2\/product"}],"about":[{"href":"https:\/\/explorial.com\/de\/wp-json\/wp\/v2\/types\/product"}],"replies":[{"embeddable":true,"href":"https:\/\/explorial.com\/de\/wp-json\/wp\/v2\/comments?post=42464"}],"acf:post":[{"embeddable":true,"href":"https:\/\/explorial.com\/de\/wp-json\/wp\/v2\/partner\/72687"}],"wp:featuredmedia":[{"embeddable":true,"href":"https:\/\/explorial.com\/de\/wp-json\/wp\/v2\/media\/42407"}],"wp:attachment":[{"href":"https:\/\/explorial.com\/de\/wp-json\/wp\/v2\/media?parent=42464"}],"wp:term":[{"taxonomy":"product_brand","embeddable":true,"href":"https:\/\/explorial.com\/de\/wp-json\/wp\/v2\/product_brand?post=42464"},{"taxonomy":"product_cat","embeddable":true,"href":"https:\/\/explorial.com\/de\/wp-json\/wp\/v2\/product_cat?post=42464"},{"taxonomy":"product_tag","embeddable":true,"href":"https:\/\/explorial.com\/de\/wp-json\/wp\/v2\/product_tag?post=42464"}],"curies":[{"name":"wp","href":"https:\/\/api.w.org\/{rel}","templated":true}]}}