{"id":41681,"date":"2021-10-08T07:49:35","date_gmt":"2021-10-08T07:49:35","guid":{"rendered":"https:\/\/explorial.com\/product\/staedtetour-appenzell-1\/"},"modified":"2024-09-16T09:17:57","modified_gmt":"2024-09-16T09:17:57","slug":"staedtetour-appenzell-1","status":"publish","type":"product","link":"https:\/\/explorial.com\/de\/trails\/staedtetour-appenzell-1\/","title":{"rendered":"Appenzell"},"content":{"rendered":"","protected":false},"excerpt":{"rendered":"","protected":false},"featured_media":41624,"comment_status":"open","ping_status":"closed","template":"","meta":{"_acf_changed":false},"product_brand":[],"product_cat":[823,818],"product_tag":[813],"class_list":{"0":"post-41681","1":"product","2":"type-product","3":"status-publish","4":"has-post-thumbnail","6":"product_cat-eastern-switzerland-de","7":"product_cat-switzerland-de","8":"product_tag-appenzell-de","10":"first","11":"instock","12":"sale","13":"taxable","14":"shipping-taxable","15":"purchasable","16":"product-type-variable"},"acf":{"city_name":"Appenzell","city_name_display":"Appenzell","languages":"Deutsch","duration":"etwa 1.5 - 2 Stunden","description_1":"","description_2":"","city_description":"Appenzell ist mit rund 6000 Einwohnern der kleinste Hauptort eines Schweizer Kantons. Die schmucken Gassen mit den zahlreichen kleinen Ladengesch\u00e4ften laden zum Flanieren ein.","short_description":"","notes":"","header_image":86697,"highlight_locations":"Landsgemeindeplatz, L\u00f6wendrogerie, Rathaus","additional_wheelchair":"Dieser Trail ist aufgrund von Steigungen und Treppen f\u00fcr Rollst\u00fchle und Kinderwagen nur bedingt geeignet. Alle Orte sind jedoch erreichbar.","voucher_link":"","start_location_coordinates":"47.32999, 9.40911","start_location_name":"Postplatz","start_location_address":"9050 Appenzell","end_location_name":"Schm\u00e4uslemarkt","partner_object":null},"_links":{"self":[{"href":"https:\/\/explorial.com\/de\/wp-json\/wp\/v2\/product\/41681","targetHints":{"allow":["GET"]}}],"collection":[{"href":"https:\/\/explorial.com\/de\/wp-json\/wp\/v2\/product"}],"about":[{"href":"https:\/\/explorial.com\/de\/wp-json\/wp\/v2\/types\/product"}],"replies":[{"embeddable":true,"href":"https:\/\/explorial.com\/de\/wp-json\/wp\/v2\/comments?post=41681"}],"wp:featuredmedia":[{"embeddable":true,"href":"https:\/\/explorial.com\/de\/wp-json\/wp\/v2\/media\/41624"}],"wp:attachment":[{"href":"https:\/\/explorial.com\/de\/wp-json\/wp\/v2\/media?parent=41681"}],"wp:term":[{"taxonomy":"product_brand","embeddable":true,"href":"https:\/\/explorial.com\/de\/wp-json\/wp\/v2\/product_brand?post=41681"},{"taxonomy":"product_cat","embeddable":true,"href":"https:\/\/explorial.com\/de\/wp-json\/wp\/v2\/product_cat?post=41681"},{"taxonomy":"product_tag","embeddable":true,"href":"https:\/\/explorial.com\/de\/wp-json\/wp\/v2\/product_tag?post=41681"}],"curies":[{"name":"wp","href":"https:\/\/api.w.org\/{rel}","templated":true}]}}