{"id":30685,"date":"2022-09-28T15:22:01","date_gmt":"2022-09-28T15:22:01","guid":{"rendered":"https:\/\/explorial.com\/trails\/staedtetour-villingen-schwenningen-1\/"},"modified":"2024-09-16T11:03:02","modified_gmt":"2024-09-16T11:03:02","slug":"staedtetour-villingen-schwenningen-1","status":"publish","type":"product","link":"https:\/\/explorial.com\/de\/trails\/staedtetour-villingen-schwenningen-1\/","title":{"rendered":"Villingen-Schwenningen"},"content":{"rendered":"","protected":false},"excerpt":{"rendered":"","protected":false},"featured_media":30574,"comment_status":"open","ping_status":"closed","template":"","meta":{"_acf_changed":false},"product_brand":[],"product_cat":[575,555],"product_tag":[602],"class_list":{"0":"post-30685","1":"product","2":"type-product","3":"status-publish","4":"has-post-thumbnail","6":"product_cat-baden-wurttemberg-de","7":"product_cat-germany-de","8":"product_tag-villingen-schwenningen-es","10":"first","11":"instock","12":"sale","13":"taxable","14":"shipping-taxable","15":"purchasable","16":"product-type-variable"},"acf":{"city_name":"Villingen-Schwenningen","city_name_display":"Villingen-Schwenningen","languages":"Deutsch","duration":"etwa 1.5 - 2 Stunden","description_1":"","description_2":"","city_description":"In Villingen-Schwenningen steckt Geschichte, die sich in erhaltenen Stadtmauern, imposanten T\u00fcrmen und Stadtbrunnen entdecken l\u00e4sst. Die heutige Doppelstadt besteht aus zwei Stadtzentren - Villingen wie auch Schwenningen - und liegt inmitten gr\u00fcner Landschaften nahe dem Schwarzwald. Hier entspringt die Neckar, hier werden Traditionen gelebt und hier l\u00e4dt eine h\u00fcbsche Altstadt zum Flanieren ein. Villingen-Schwenningen - vielseitig und sch\u00f6n. ","short_description":"","notes":"","header_image":241553,"highlight_locations":"M\u00fcnsterbrunnen, Rom\u00e4usturm, Aussichtsturm Hubenloch","additional_wheelchair":"Dieser Trail ist aufgrund von Steigungen und Treppen f\u00fcr Rollst\u00fchle und Kinderwagen nur bedingt geeignet. Alle Orte sind jedoch erreichbar.","voucher_link":"","start_location_coordinates":"48.05911, 8.46267","start_location_name":"Gedenkstein","start_location_address":"Kaiserring, (beim Bickentor) 78050 Villingen-Schwenningen, Deutschland","end_location_name":"Gasthaus Ott","partner_object":null},"_links":{"self":[{"href":"https:\/\/explorial.com\/de\/wp-json\/wp\/v2\/product\/30685","targetHints":{"allow":["GET"]}}],"collection":[{"href":"https:\/\/explorial.com\/de\/wp-json\/wp\/v2\/product"}],"about":[{"href":"https:\/\/explorial.com\/de\/wp-json\/wp\/v2\/types\/product"}],"replies":[{"embeddable":true,"href":"https:\/\/explorial.com\/de\/wp-json\/wp\/v2\/comments?post=30685"}],"wp:featuredmedia":[{"embeddable":true,"href":"https:\/\/explorial.com\/de\/wp-json\/wp\/v2\/media\/30574"}],"wp:attachment":[{"href":"https:\/\/explorial.com\/de\/wp-json\/wp\/v2\/media?parent=30685"}],"wp:term":[{"taxonomy":"product_brand","embeddable":true,"href":"https:\/\/explorial.com\/de\/wp-json\/wp\/v2\/product_brand?post=30685"},{"taxonomy":"product_cat","embeddable":true,"href":"https:\/\/explorial.com\/de\/wp-json\/wp\/v2\/product_cat?post=30685"},{"taxonomy":"product_tag","embeddable":true,"href":"https:\/\/explorial.com\/de\/wp-json\/wp\/v2\/product_tag?post=30685"}],"curies":[{"name":"wp","href":"https:\/\/api.w.org\/{rel}","templated":true}]}}