{"id":30277,"date":"2022-04-28T15:18:48","date_gmt":"2022-04-28T15:18:48","guid":{"rendered":"https:\/\/explorial.com\/trails\/staedtetour-nurnberg-1\/"},"modified":"2024-09-16T11:46:19","modified_gmt":"2024-09-16T11:46:19","slug":"staedtetour-nurnberg-1","status":"publish","type":"product","link":"https:\/\/explorial.com\/de\/trails\/staedtetour-nurnberg-1\/","title":{"rendered":"N\u00fcrnberg"},"content":{"rendered":"","protected":false},"excerpt":{"rendered":"","protected":false},"featured_media":48713,"comment_status":"open","ping_status":"closed","template":"","meta":{"_acf_changed":false},"product_brand":[],"product_cat":[555,587],"product_tag":[595],"class_list":{"0":"post-30277","1":"product","2":"type-product","3":"status-publish","4":"has-post-thumbnail","6":"product_cat-germany-de","7":"product_cat-bavaria-de","8":"product_tag-nuremberg-de","10":"first","11":"instock","12":"sale","13":"taxable","14":"shipping-taxable","15":"purchasable","16":"product-type-variable"},"acf":{"city_name":"N\u00fcrnberg","city_name_display":"N\u00fcrnberg","languages":"Englisch, Deutsch","duration":"etwa 1.5 - 2 Stunden","description_1":"","description_2":"","city_description":"N\u00fcrnberg ist die zweitgr\u00f6\u00dfte Stadt Bayerns und mit seinem mittelalterlichen Charme ein absolutes Highlight auf der Landkarte. Jahrtausendealte Geschichte verbirgt sich hier hinter Fachwerkfassaden, Burgmauern, Br\u00fccken und Kopfsteinpflastern. Ein Ort, der historisches Flair mit modernem Stadtgeist balanciert und dabei mindestens ebenso traditionell wie avantgardistisch daher kommt. Ein Must-see f\u00fcr alle Fans von Mittelalteratmosph\u00e4re.","short_description":"","notes":"","header_image":30134,"highlight_locations":"Hans-Sachs-Brunnen Ehekarussell, D\u00fcrer-Hase Skulptur, Sch\u00f6ner Brunnen","additional_wheelchair":"Dieser Trail ist aufgrund von Steigungen und Treppen f\u00fcr Rollst\u00fchle und Kinderwagen nur bedingt geeignet. Alle Orte sind jedoch erreichbar.","voucher_link":"","start_location_coordinates":"49.44886, 11.07582","start_location_name":"Germanisches Nationalmuseum","start_location_address":"90402 N\u00fcrnberg","end_location_name":"Frauenkirche","partner_object":48651},"_links":{"self":[{"href":"https:\/\/explorial.com\/de\/wp-json\/wp\/v2\/product\/30277","targetHints":{"allow":["GET"]}}],"collection":[{"href":"https:\/\/explorial.com\/de\/wp-json\/wp\/v2\/product"}],"about":[{"href":"https:\/\/explorial.com\/de\/wp-json\/wp\/v2\/types\/product"}],"replies":[{"embeddable":true,"href":"https:\/\/explorial.com\/de\/wp-json\/wp\/v2\/comments?post=30277"}],"acf:post":[{"embeddable":true,"href":"https:\/\/explorial.com\/de\/wp-json\/wp\/v2\/partner\/48651"}],"wp:featuredmedia":[{"embeddable":true,"href":"https:\/\/explorial.com\/de\/wp-json\/wp\/v2\/media\/48713"}],"wp:attachment":[{"href":"https:\/\/explorial.com\/de\/wp-json\/wp\/v2\/media?parent=30277"}],"wp:term":[{"taxonomy":"product_brand","embeddable":true,"href":"https:\/\/explorial.com\/de\/wp-json\/wp\/v2\/product_brand?post=30277"},{"taxonomy":"product_cat","embeddable":true,"href":"https:\/\/explorial.com\/de\/wp-json\/wp\/v2\/product_cat?post=30277"},{"taxonomy":"product_tag","embeddable":true,"href":"https:\/\/explorial.com\/de\/wp-json\/wp\/v2\/product_tag?post=30277"}],"curies":[{"name":"wp","href":"https:\/\/api.w.org\/{rel}","templated":true}]}}