{"id":30068,"date":"2022-05-28T15:17:17","date_gmt":"2022-05-28T15:17:17","guid":{"rendered":"https:\/\/explorial.com\/trails\/staedtetour-munchen-1\/"},"modified":"2024-09-16T11:34:32","modified_gmt":"2024-09-16T11:34:32","slug":"staedtetour-munchen-1","status":"publish","type":"product","link":"https:\/\/explorial.com\/de\/trails\/staedtetour-munchen-1\/","title":{"rendered":"M\u00fcnchen"},"content":{"rendered":"","protected":false},"excerpt":{"rendered":"","protected":false},"featured_media":48584,"comment_status":"open","ping_status":"closed","template":"","meta":{"_acf_changed":false},"product_brand":[],"product_cat":[587,555],"product_tag":[590],"class_list":{"0":"post-30068","1":"product","2":"type-product","3":"status-publish","4":"has-post-thumbnail","6":"product_cat-bavaria-de","7":"product_cat-germany-de","8":"product_tag-munich-es","10":"first","11":"instock","12":"sale","13":"taxable","14":"shipping-taxable","15":"purchasable","16":"product-type-variable"},"acf":{"city_name":"M\u00fcnchen","city_name_display":"M\u00fcnchen","languages":"Englisch, Deutsch","duration":"etwa 1.5 - 2 Stunden","description_1":"","description_2":"","city_description":"Die bayerische Landeshauptstadt ist nicht nur wegen des ber\u00fchmt-ber\u00fcchtigten Oktoberfestes weltweit ein beliebter Touristenmagnet, sondern auch wegen seiner zahlreichen historischen Sehensw\u00fcrdigkeiten, kulinarischen \u201eSchmankerl\u201d und charmant wie eigensinnigen M\u00fcnchner\/-innen. Nirgendwo sonst treffen Tradition und Moderne wie gute alte Stammtischfreunde aufeinander wie im gr\u00f6\u00dften \u201eDorf\u201d Bayerns. Ein Prosit auf die Gem\u00fctlichkeit!","short_description":"","notes":"","header_image":29925,"highlight_locations":"Biergarten Viktualienmarkt, Hofbr\u00e4uhaus M\u00fcnchen, Odeonsplatz","additional_wheelchair":"Dieser Trail ist aufgrund von Steigungen und Treppen f\u00fcr Rollst\u00fchle und Kinderwagen nur bedingt geeignet. Alle Orte sind jedoch erreichbar.","voucher_link":"","start_location_coordinates":"48.13513, 11.57506","start_location_name":"Bushaltestelle Viktualienmarkt","start_location_address":"80331 M\u00fcnchen, Deutschland","end_location_name":"Eisbachwelle","partner_object":null},"_links":{"self":[{"href":"https:\/\/explorial.com\/de\/wp-json\/wp\/v2\/product\/30068","targetHints":{"allow":["GET"]}}],"collection":[{"href":"https:\/\/explorial.com\/de\/wp-json\/wp\/v2\/product"}],"about":[{"href":"https:\/\/explorial.com\/de\/wp-json\/wp\/v2\/types\/product"}],"replies":[{"embeddable":true,"href":"https:\/\/explorial.com\/de\/wp-json\/wp\/v2\/comments?post=30068"}],"wp:featuredmedia":[{"embeddable":true,"href":"https:\/\/explorial.com\/de\/wp-json\/wp\/v2\/media\/48584"}],"wp:attachment":[{"href":"https:\/\/explorial.com\/de\/wp-json\/wp\/v2\/media?parent=30068"}],"wp:term":[{"taxonomy":"product_brand","embeddable":true,"href":"https:\/\/explorial.com\/de\/wp-json\/wp\/v2\/product_brand?post=30068"},{"taxonomy":"product_cat","embeddable":true,"href":"https:\/\/explorial.com\/de\/wp-json\/wp\/v2\/product_cat?post=30068"},{"taxonomy":"product_tag","embeddable":true,"href":"https:\/\/explorial.com\/de\/wp-json\/wp\/v2\/product_tag?post=30068"}],"curies":[{"name":"wp","href":"https:\/\/api.w.org\/{rel}","templated":true}]}}