{"id":29864,"date":"2022-09-29T15:15:41","date_gmt":"2022-09-29T15:15:41","guid":{"rendered":"https:\/\/explorial.com\/trails\/staedtetour-lindau-1\/"},"modified":"2024-09-16T11:55:42","modified_gmt":"2024-09-16T11:55:42","slug":"staedtetour-lindau-1","status":"publish","type":"product","link":"https:\/\/explorial.com\/de\/trails\/staedtetour-lindau-1\/","title":{"rendered":"Lindau"},"content":{"rendered":"","protected":false},"excerpt":{"rendered":"","protected":false},"featured_media":29753,"comment_status":"open","ping_status":"closed","template":"","meta":{"_acf_changed":false},"product_brand":[],"product_cat":[587,555],"product_tag":[583],"class_list":{"0":"post-29864","1":"product","2":"type-product","3":"status-publish","4":"has-post-thumbnail","6":"product_cat-bavaria-de","7":"product_cat-germany-de","8":"product_tag-lindau-de","10":"first","11":"instock","12":"sale","13":"taxable","14":"shipping-taxable","15":"purchasable","16":"product-type-variable"},"acf":{"city_name":"Lindau","city_name_display":"Lindau","languages":"Deutsch","duration":"etwa 1.5 - 2 Stunden","description_1":"","description_2":"","city_description":"Lindau ist ein besonderes Juwel am und im Bodensee. Die Stadt besteht n\u00e4mlich aus zwei Teilen - einer historischen Insel sowie einem Ortsteil auf dem Festland. Ein blau glitzernder See, ein gro\u00dfes kulturelles Angebot, malerische H\u00e4user und gr\u00fcne H\u00fcgel im Hintergrund - Lindau besticht mit einer einzigartigen Sch\u00f6nheit und einer interessanten Geschichte. Wer gerne durch idyllische G\u00e4sschen flaniert und eine atemberaubende Aussicht auf schneebedeckte Berge genie\u00dft, kommt in Lindau am Bodensee auf seine Kosten.","short_description":"","notes":"","header_image":29721,"highlight_locations":"Altes Rathaus, Mangturm am Hafenplatz, Spielbank","additional_wheelchair":"Dieser Trail ist aufgrund von Steigungen und Treppen f\u00fcr Rollst\u00fchle und Kinderwagen nur bedingt geeignet. Alle Orte sind jedoch erreichbar.","voucher_link":"","start_location_coordinates":"47.54877, 9.69051","start_location_name":"Br\u00fccke Chelles-Allee","start_location_address":"Chelles-Allee, 88131 Lindau","end_location_name":"Glocke am Marktplatz","partner_object":null},"_links":{"self":[{"href":"https:\/\/explorial.com\/de\/wp-json\/wp\/v2\/product\/29864","targetHints":{"allow":["GET"]}}],"collection":[{"href":"https:\/\/explorial.com\/de\/wp-json\/wp\/v2\/product"}],"about":[{"href":"https:\/\/explorial.com\/de\/wp-json\/wp\/v2\/types\/product"}],"replies":[{"embeddable":true,"href":"https:\/\/explorial.com\/de\/wp-json\/wp\/v2\/comments?post=29864"}],"wp:featuredmedia":[{"embeddable":true,"href":"https:\/\/explorial.com\/de\/wp-json\/wp\/v2\/media\/29753"}],"wp:attachment":[{"href":"https:\/\/explorial.com\/de\/wp-json\/wp\/v2\/media?parent=29864"}],"wp:term":[{"taxonomy":"product_brand","embeddable":true,"href":"https:\/\/explorial.com\/de\/wp-json\/wp\/v2\/product_brand?post=29864"},{"taxonomy":"product_cat","embeddable":true,"href":"https:\/\/explorial.com\/de\/wp-json\/wp\/v2\/product_cat?post=29864"},{"taxonomy":"product_tag","embeddable":true,"href":"https:\/\/explorial.com\/de\/wp-json\/wp\/v2\/product_tag?post=29864"}],"curies":[{"name":"wp","href":"https:\/\/api.w.org\/{rel}","templated":true}]}}