{"id":297266,"date":"2025-01-24T13:07:54","date_gmt":"2025-01-24T13:07:54","guid":{"rendered":"https:\/\/explorial.com\/trails\/staedtetour-la-rochelle-1\/"},"modified":"2025-01-24T13:08:16","modified_gmt":"2025-01-24T13:08:16","slug":"staedtetour-la-rochelle-1","status":"publish","type":"product","link":"https:\/\/explorial.com\/de\/trails\/staedtetour-la-rochelle-1\/","title":{"rendered":"La Rochelle"},"content":{"rendered":"","protected":false},"excerpt":{"rendered":"","protected":false},"featured_media":297070,"comment_status":"open","ping_status":"closed","template":"","meta":{"_acf_changed":false},"product_brand":[],"product_cat":[502,3594],"product_tag":[3825],"class_list":{"0":"post-297266","1":"product","2":"type-product","3":"status-publish","4":"has-post-thumbnail","6":"product_cat-france-de","7":"product_cat-nouvelle-aquitaine-de","8":"product_tag-la-rochelle-de","10":"first","11":"instock","12":"sale","13":"taxable","14":"shipping-taxable","15":"purchasable","16":"product-type-variable"},"acf":{"city_name":"La Rochelle","city_name_display":"La Rochelle","languages":"Englisch, Franz\u00f6sisch","duration":"etwa 1.5 - 2 Stunden","description_1":"","description_2":"","city_description":"","short_description":"","notes":"","header_image":297038,"highlight_locations":"Grosse Horloge, Place de l'H\u00f4tel de ville, Vieux-Port","additional_wheelchair":"Dieser Trail ist aufgrund von Steigungen und Treppen f\u00fcr Rollst\u00fchle und Kinderwagen nur bedingt geeignet. Alle Orte sind jedoch erreichbar.","voucher_link":"","start_location_coordinates":"46.15796, -1.15318","start_location_name":"Statue de l'amiral Duperr\u00e9","start_location_address":"1 rue L\u00e9once Vieljeux, 17000 La Rochelle, France","end_location_name":"Vieux-Port","partner_object":null},"_links":{"self":[{"href":"https:\/\/explorial.com\/de\/wp-json\/wp\/v2\/product\/297266","targetHints":{"allow":["GET"]}}],"collection":[{"href":"https:\/\/explorial.com\/de\/wp-json\/wp\/v2\/product"}],"about":[{"href":"https:\/\/explorial.com\/de\/wp-json\/wp\/v2\/types\/product"}],"replies":[{"embeddable":true,"href":"https:\/\/explorial.com\/de\/wp-json\/wp\/v2\/comments?post=297266"}],"wp:featuredmedia":[{"embeddable":true,"href":"https:\/\/explorial.com\/de\/wp-json\/wp\/v2\/media\/297070"}],"wp:attachment":[{"href":"https:\/\/explorial.com\/de\/wp-json\/wp\/v2\/media?parent=297266"}],"wp:term":[{"taxonomy":"product_brand","embeddable":true,"href":"https:\/\/explorial.com\/de\/wp-json\/wp\/v2\/product_brand?post=297266"},{"taxonomy":"product_cat","embeddable":true,"href":"https:\/\/explorial.com\/de\/wp-json\/wp\/v2\/product_cat?post=297266"},{"taxonomy":"product_tag","embeddable":true,"href":"https:\/\/explorial.com\/de\/wp-json\/wp\/v2\/product_tag?post=297266"}],"curies":[{"name":"wp","href":"https:\/\/api.w.org\/{rel}","templated":true}]}}