{"id":29456,"date":"2022-09-30T15:12:21","date_gmt":"2022-09-30T15:12:21","guid":{"rendered":"https:\/\/explorial.com\/trails\/staedtetour-freiburg-im-breisgau-1\/"},"modified":"2024-09-16T11:19:56","modified_gmt":"2024-09-16T11:19:56","slug":"staedtetour-freiburg-im-breisgau-1","status":"publish","type":"product","link":"https:\/\/explorial.com\/de\/trails\/staedtetour-freiburg-im-breisgau-1\/","title":{"rendered":"Freiburg im Breisgau"},"content":{"rendered":"","protected":false},"excerpt":{"rendered":"","protected":false},"featured_media":29345,"comment_status":"open","ping_status":"closed","template":"","meta":{"_acf_changed":false},"product_brand":[],"product_cat":[575,555],"product_tag":[571],"class_list":{"0":"post-29456","1":"product","2":"type-product","3":"status-publish","4":"has-post-thumbnail","6":"product_cat-baden-wurttemberg-de","7":"product_cat-germany-de","8":"product_tag-freiburg-in-breisgau-de","10":"first","11":"instock","12":"sale","13":"taxable","14":"shipping-taxable","15":"purchasable","16":"product-type-variable"},"acf":{"city_name":"Freiburg im Breisgau","city_name_display":"Freiburg im Breisgau","languages":"Deutsch, Englisch","duration":"etwa 1.5 - 2 Stunden","description_1":"","description_2":"","city_description":"Freiburg im Breisgau ist ein Schmuckst\u00fcck im S\u00fcdwesten Deutschlands, genauer gesagt in Baden-W\u00fcrttemberg. Das milde Klima, die schmucke, mittelalterliche Altstadt mit kleinen B\u00e4chlein und eine alternative Atmosph\u00e4re machen die Stadt zum beliebten Ziel. Konzerte, Theater oder Festivals - in der Universit\u00e4tsstadt ist immer etwas los. Doch auch die Umgebung Freiburgs verspricht entspannte Stunden in der Natur und lockt mit Wanderungen durch den einzigartigen Schwarzwald. ","short_description":"","notes":"","header_image":241621,"highlight_locations":"M\u00fcnster, Neues Rathaus, Konviktstra\u00dfe","additional_wheelchair":"Dieser Trail ist aufgrund von Steigungen und Treppen f\u00fcr Rollst\u00fchle und Kinderwagen nur bedingt geeignet. Alle Orte sind jedoch erreichbar.","voucher_link":"","start_location_coordinates":"47.997407, 7.846677","start_location_name":"Colombischl\u00f6ssle","start_location_address":"Rotteckring 5, 79098 Freiburg im Breisgau, Deutschland","end_location_name":"Platz der alten Synagoge","partner_object":null},"_links":{"self":[{"href":"https:\/\/explorial.com\/de\/wp-json\/wp\/v2\/product\/29456","targetHints":{"allow":["GET"]}}],"collection":[{"href":"https:\/\/explorial.com\/de\/wp-json\/wp\/v2\/product"}],"about":[{"href":"https:\/\/explorial.com\/de\/wp-json\/wp\/v2\/types\/product"}],"replies":[{"embeddable":true,"href":"https:\/\/explorial.com\/de\/wp-json\/wp\/v2\/comments?post=29456"}],"wp:featuredmedia":[{"embeddable":true,"href":"https:\/\/explorial.com\/de\/wp-json\/wp\/v2\/media\/29345"}],"wp:attachment":[{"href":"https:\/\/explorial.com\/de\/wp-json\/wp\/v2\/media?parent=29456"}],"wp:term":[{"taxonomy":"product_brand","embeddable":true,"href":"https:\/\/explorial.com\/de\/wp-json\/wp\/v2\/product_brand?post=29456"},{"taxonomy":"product_cat","embeddable":true,"href":"https:\/\/explorial.com\/de\/wp-json\/wp\/v2\/product_cat?post=29456"},{"taxonomy":"product_tag","embeddable":true,"href":"https:\/\/explorial.com\/de\/wp-json\/wp\/v2\/product_tag?post=29456"}],"curies":[{"name":"wp","href":"https:\/\/api.w.org\/{rel}","templated":true}]}}