{"id":294405,"date":"2024-12-23T13:00:16","date_gmt":"2024-12-23T13:00:16","guid":{"rendered":"https:\/\/explorial.com\/trails\/staedtetour-rostock-1\/"},"modified":"2024-12-30T16:14:43","modified_gmt":"2024-12-30T16:14:43","slug":"staedtetour-rostock-1","status":"publish","type":"product","link":"https:\/\/explorial.com\/de\/trails\/staedtetour-rostock-1\/","title":{"rendered":"Rostock"},"content":{"rendered":"","protected":false},"excerpt":{"rendered":"","protected":false},"featured_media":294740,"comment_status":"open","ping_status":"closed","template":"","meta":{"_acf_changed":false},"product_brand":[],"product_cat":[555,3780],"product_tag":[3768],"class_list":{"0":"post-294405","1":"product","2":"type-product","3":"status-publish","4":"has-post-thumbnail","6":"product_cat-germany-de","7":"product_cat-mecklenburg-vorpommern-de","8":"product_tag-rostock-de","10":"first","11":"instock","12":"sale","13":"taxable","14":"shipping-taxable","15":"purchasable","16":"product-type-variable"},"acf":{"city_name":"Rostock","city_name_display":"Rostock","languages":"Deutsch","duration":"etwa 1.5 - 2 Stunden","description_1":"","description_2":"","city_description":"Rostock \u2013 eine Perle an der Ostsee! Maritimer Charme, jahrhundertealte Backsteinarchitektur und das hanseatische Erbe pr\u00e4gen das Stadtbild Rostocks. Dar\u00fcber hinaus beeindruckt diese Stadt mit einer Vielzahl an historischen Bauwerken, malerischen Gassen, einem lebendigen Hafen und einem breiten kulturellen Angebot. Als Universit\u00e4tsstadt geh\u00f6rt Rostock jedoch auch zu jenen St\u00e4dten, die Tradition mit urbaner Moderne zu verbinden wissen \u2013 alles gepaart mit einer einzigartigen, nordischen Atmosph\u00e4re. Entdeckt das besondere Flair von Rostock!","short_description":"","notes":"","header_image":294734,"highlight_locations":"Kr\u00f6peliner Stra\u00dfe, Marienkirche, Neuer Markt","additional_wheelchair":"Dieser Trail ist aufgrund von Steigungen und Treppen f\u00fcr Rollst\u00fchle und Kinderwagen nur bedingt geeignet. Alle Orte sind jedoch erreichbar.","voucher_link":"","start_location_coordinates":"54.08827, 12.12807","start_location_name":"Schreiender Hengst","start_location_address":"Kr\u00f6peliner Str. 49A, 18055 Rostock","end_location_name":"Petrikirche","partner_object":null},"_links":{"self":[{"href":"https:\/\/explorial.com\/de\/wp-json\/wp\/v2\/product\/294405","targetHints":{"allow":["GET"]}}],"collection":[{"href":"https:\/\/explorial.com\/de\/wp-json\/wp\/v2\/product"}],"about":[{"href":"https:\/\/explorial.com\/de\/wp-json\/wp\/v2\/types\/product"}],"replies":[{"embeddable":true,"href":"https:\/\/explorial.com\/de\/wp-json\/wp\/v2\/comments?post=294405"}],"wp:featuredmedia":[{"embeddable":true,"href":"https:\/\/explorial.com\/de\/wp-json\/wp\/v2\/media\/294740"}],"wp:attachment":[{"href":"https:\/\/explorial.com\/de\/wp-json\/wp\/v2\/media?parent=294405"}],"wp:term":[{"taxonomy":"product_brand","embeddable":true,"href":"https:\/\/explorial.com\/de\/wp-json\/wp\/v2\/product_brand?post=294405"},{"taxonomy":"product_cat","embeddable":true,"href":"https:\/\/explorial.com\/de\/wp-json\/wp\/v2\/product_cat?post=294405"},{"taxonomy":"product_tag","embeddable":true,"href":"https:\/\/explorial.com\/de\/wp-json\/wp\/v2\/product_tag?post=294405"}],"curies":[{"name":"wp","href":"https:\/\/api.w.org\/{rel}","templated":true}]}}