{"id":291686,"date":"2024-11-13T13:54:27","date_gmt":"2024-11-13T13:54:27","guid":{"rendered":"https:\/\/explorial.com\/trails\/staedtetour-weimar-1\/"},"modified":"2024-11-13T13:54:45","modified_gmt":"2024-11-13T13:54:45","slug":"staedtetour-weimar-1","status":"publish","type":"product","link":"https:\/\/explorial.com\/de\/trails\/staedtetour-weimar-1\/","title":{"rendered":"Weimar"},"content":{"rendered":"","protected":false},"excerpt":{"rendered":"","protected":false},"featured_media":291617,"comment_status":"open","ping_status":"closed","template":"","meta":{"_acf_changed":false},"product_brand":[],"product_cat":[555,3735],"product_tag":[3729],"class_list":{"0":"post-291686","1":"product","2":"type-product","3":"status-publish","4":"has-post-thumbnail","6":"product_cat-germany-de","7":"product_cat-thuringia-de","8":"product_tag-weimar-de","10":"first","11":"instock","12":"sale","13":"taxable","14":"shipping-taxable","15":"purchasable","16":"product-type-variable"},"acf":{"city_name":"Weimar","city_name_display":"Weimar","languages":"Deutsch","duration":"etwa 1.5 - 2 Stunden","description_1":"","description_2":"","city_description":"Willkommen in Weimar, der Perle Th\u00fcringens, wo die Vergangenheit lebendig wird und die Kultur in jedem Winkel der Stadt zu sp\u00fcren ist. Literatur, Musik, Architektur: Weimar ist die Heimat der deutschen Klassik. Hier haben die gro\u00dfen deutschen Dichter Johann Wolfgang von Goethe und Friedrich Schiller ihre Spuren hinterlassen. Weimar ist aber auch ein Symbol f\u00fcr die dunkelsten Stunden der deutschen Geschichte: Nur wenige Kilometer von der Stadt entfernt erinnert das KZ Buchenwald auf dem Ettersberg eindringlich an die Schrecken des Zweiten Weltkriegs.","short_description":"","notes":"","header_image":291611,"highlight_locations":"Gauforum, Bauhaus-Museum, Weimarer Stadtschloss","additional_wheelchair":"Dieser Trail ist aufgrund von Steigungen und Treppen f\u00fcr Rollst\u00fchle und Kinderwagen nur bedingt geeignet. Alle Orte sind jedoch erreichbar.","voucher_link":"","start_location_coordinates":"50.98593, 11.32613","start_location_name":"Museum Neues Weimar","start_location_address":"Jorge-Sempr\u00fan-Platz 5, 99423 Weimar, Deutschland","end_location_name":"Weimarer Stadtschloss","partner_object":null},"_links":{"self":[{"href":"https:\/\/explorial.com\/de\/wp-json\/wp\/v2\/product\/291686","targetHints":{"allow":["GET"]}}],"collection":[{"href":"https:\/\/explorial.com\/de\/wp-json\/wp\/v2\/product"}],"about":[{"href":"https:\/\/explorial.com\/de\/wp-json\/wp\/v2\/types\/product"}],"replies":[{"embeddable":true,"href":"https:\/\/explorial.com\/de\/wp-json\/wp\/v2\/comments?post=291686"}],"wp:featuredmedia":[{"embeddable":true,"href":"https:\/\/explorial.com\/de\/wp-json\/wp\/v2\/media\/291617"}],"wp:attachment":[{"href":"https:\/\/explorial.com\/de\/wp-json\/wp\/v2\/media?parent=291686"}],"wp:term":[{"taxonomy":"product_brand","embeddable":true,"href":"https:\/\/explorial.com\/de\/wp-json\/wp\/v2\/product_brand?post=291686"},{"taxonomy":"product_cat","embeddable":true,"href":"https:\/\/explorial.com\/de\/wp-json\/wp\/v2\/product_cat?post=291686"},{"taxonomy":"product_tag","embeddable":true,"href":"https:\/\/explorial.com\/de\/wp-json\/wp\/v2\/product_tag?post=291686"}],"curies":[{"name":"wp","href":"https:\/\/api.w.org\/{rel}","templated":true}]}}