{"id":28852,"date":"2022-11-09T14:50:16","date_gmt":"2022-11-09T14:50:16","guid":{"rendered":"https:\/\/explorial.com\/trails\/staedtetour-aachen-1\/"},"modified":"2024-09-16T11:25:43","modified_gmt":"2024-09-16T11:25:43","slug":"staedtetour-aachen-1","status":"publish","type":"product","link":"https:\/\/explorial.com\/de\/trails\/staedtetour-aachen-1\/","title":{"rendered":"Aachen"},"content":{"rendered":"","protected":false},"excerpt":{"rendered":"","protected":false},"featured_media":47863,"comment_status":"open","ping_status":"closed","template":"","meta":{"_acf_changed":false},"product_brand":[],"product_cat":[555,559],"product_tag":[551],"class_list":{"0":"post-28852","1":"product","2":"type-product","3":"status-publish","4":"has-post-thumbnail","6":"product_cat-germany-de","7":"product_cat-north-rhine-westphalia-de","8":"product_tag-aachen-de","10":"first","11":"instock","12":"sale","13":"taxable","14":"shipping-taxable","15":"purchasable","16":"product-type-variable"},"acf":{"city_name":"Aachen","city_name_display":"Aachen","languages":"Englisch, Deutsch","duration":"etwa 1.5 - 2 Stunden","description_1":"","description_2":"","city_description":"Aachen, die westlichste Stadt Deutschlands, ist bekannt f\u00fcr ihre historische, mittelalterliche Architektur bestehend aus niedlichen G\u00e4sschen und pomp\u00f6sen Bauten. Aber die Kaiserstadt Karls des Gro\u00dfen bietet auch kulinarische Delikatessen und eine studentische Atmosph\u00e4re. Eine feine, lebhafte Stadt, perfekt f\u00fcr einen traumhaften Tagestrip.","short_description":"","notes":"","header_image":241639,"highlight_locations":"Aachener Dom, Elisenbrunnen, Rathaus","additional_wheelchair":"Dieser Trail ist aufgrund von Steigungen und Treppen f\u00fcr Rollst\u00fchle und Kinderwagen nur bedingt geeignet. Alle Orte sind jedoch erreichbar.","voucher_link":"","start_location_coordinates":"50.77577, 6.08599","start_location_name":"Bahkauv","start_location_address":"B\u00fcchel 29-31, 52062 Aachen","end_location_name":"Elisenbrunnen","partner_object":null},"_links":{"self":[{"href":"https:\/\/explorial.com\/de\/wp-json\/wp\/v2\/product\/28852","targetHints":{"allow":["GET"]}}],"collection":[{"href":"https:\/\/explorial.com\/de\/wp-json\/wp\/v2\/product"}],"about":[{"href":"https:\/\/explorial.com\/de\/wp-json\/wp\/v2\/types\/product"}],"replies":[{"embeddable":true,"href":"https:\/\/explorial.com\/de\/wp-json\/wp\/v2\/comments?post=28852"}],"wp:featuredmedia":[{"embeddable":true,"href":"https:\/\/explorial.com\/de\/wp-json\/wp\/v2\/media\/47863"}],"wp:attachment":[{"href":"https:\/\/explorial.com\/de\/wp-json\/wp\/v2\/media?parent=28852"}],"wp:term":[{"taxonomy":"product_brand","embeddable":true,"href":"https:\/\/explorial.com\/de\/wp-json\/wp\/v2\/product_brand?post=28852"},{"taxonomy":"product_cat","embeddable":true,"href":"https:\/\/explorial.com\/de\/wp-json\/wp\/v2\/product_cat?post=28852"},{"taxonomy":"product_tag","embeddable":true,"href":"https:\/\/explorial.com\/de\/wp-json\/wp\/v2\/product_tag?post=28852"}],"curies":[{"name":"wp","href":"https:\/\/api.w.org\/{rel}","templated":true}]}}