{"id":28409,"date":"2022-04-18T13:45:33","date_gmt":"2022-04-18T13:45:33","guid":{"rendered":"https:\/\/explorial.com\/trails\/staedtetour-cordoba-1\/"},"modified":"2024-09-17T08:01:33","modified_gmt":"2024-09-17T08:01:33","slug":"staedtetour-cordoba-1","status":"publish","type":"product","link":"https:\/\/explorial.com\/de\/trails\/staedtetour-cordoba-1\/","title":{"rendered":"Cordoba"},"content":{"rendered":"","protected":false},"excerpt":{"rendered":"","protected":false},"featured_media":35206,"comment_status":"open","ping_status":"closed","template":"","meta":{"_acf_changed":false},"product_brand":[],"product_cat":[486,484],"product_tag":[430],"class_list":{"0":"post-28409","1":"product","2":"type-product","3":"status-publish","4":"has-post-thumbnail","6":"product_cat-andalusia-de","7":"product_cat-spain-de","8":"product_tag-cordoba-es","10":"first","11":"instock","12":"sale","13":"taxable","14":"shipping-taxable","15":"purchasable","16":"product-type-variable"},"acf":{"city_name":"Cordoba","city_name_display":"Cordoba","languages":"Englisch, Spanisch, Franz\u00f6sisch, Deutsch","duration":"etwa 1.5 - 2 Stunden","description_1":"","description_2":"","city_description":"Von der faszinierenden Moschee-Kathedrale bis hin zu den blumengeschm\u00fcckten Innenh\u00f6fen und den charmanten, engen Gassen mit wei\u00df get\u00fcnchten H\u00e4usern - C\u00f3rdoba ist die einzige Stadt der Welt, die vier UNESCO-Welterbest\u00e4tten besitzt. Diese Stadt der Wunder wird dich zum Staunen bringen.","short_description":"","notes":"","header_image":28266,"highlight_locations":"La Mezquita-Catedral, Alc\u00e1zar de los Reyes Cristianos, Puerta del Puente","additional_wheelchair":"Dieser Trail ist aufgrund von Steigungen und Treppen f\u00fcr Rollst\u00fchle und Kinderwagen nur bedingt geeignet. Alle Orte sind jedoch erreichbar.","voucher_link":"","start_location_coordinates":"37.87795, -4.77964","start_location_name":"Triumph von St. Raphael vom Tor der Br\u00fccke","start_location_address":"Plaza del Triunfo, 14003 Spanien","end_location_name":"Museum der Sch\u00f6nen K\u00fcnste","partner_object":null},"_links":{"self":[{"href":"https:\/\/explorial.com\/de\/wp-json\/wp\/v2\/product\/28409","targetHints":{"allow":["GET"]}}],"collection":[{"href":"https:\/\/explorial.com\/de\/wp-json\/wp\/v2\/product"}],"about":[{"href":"https:\/\/explorial.com\/de\/wp-json\/wp\/v2\/types\/product"}],"replies":[{"embeddable":true,"href":"https:\/\/explorial.com\/de\/wp-json\/wp\/v2\/comments?post=28409"}],"wp:featuredmedia":[{"embeddable":true,"href":"https:\/\/explorial.com\/de\/wp-json\/wp\/v2\/media\/35206"}],"wp:attachment":[{"href":"https:\/\/explorial.com\/de\/wp-json\/wp\/v2\/media?parent=28409"}],"wp:term":[{"taxonomy":"product_brand","embeddable":true,"href":"https:\/\/explorial.com\/de\/wp-json\/wp\/v2\/product_brand?post=28409"},{"taxonomy":"product_cat","embeddable":true,"href":"https:\/\/explorial.com\/de\/wp-json\/wp\/v2\/product_cat?post=28409"},{"taxonomy":"product_tag","embeddable":true,"href":"https:\/\/explorial.com\/de\/wp-json\/wp\/v2\/product_tag?post=28409"}],"curies":[{"name":"wp","href":"https:\/\/api.w.org\/{rel}","templated":true}]}}