{"id":280566,"date":"2024-08-27T13:22:41","date_gmt":"2024-08-27T13:22:41","guid":{"rendered":"https:\/\/explorial.com\/trails\/staedtetour-leipzig-1-2\/"},"modified":"2024-09-16T12:01:57","modified_gmt":"2024-09-16T12:01:57","slug":"staedtetour-leipzig-1","status":"publish","type":"product","link":"https:\/\/explorial.com\/de\/trails\/staedtetour-leipzig-1\/","title":{"rendered":"Leipzig"},"content":{"rendered":"","protected":false},"excerpt":{"rendered":"","protected":false},"featured_media":280498,"comment_status":"open","ping_status":"closed","template":"","meta":{"_acf_changed":false},"product_brand":[],"product_cat":[555,3211],"product_tag":[3475],"class_list":{"0":"post-280566","1":"product","2":"type-product","3":"status-publish","4":"has-post-thumbnail","6":"product_cat-germany-de","7":"product_cat-saxony-de","8":"product_tag-leipzig-de","10":"first","11":"instock","12":"sale","13":"taxable","14":"shipping-taxable","15":"purchasable","16":"product-type-variable"},"acf":{"city_name":"Leipzig","city_name_display":"Leipzig","languages":"Deutsch","duration":"etwa 1.5 - 2 Stunden","description_1":"","description_2":"","city_description":"\u201eMein Leipzig lob\u2018 ich mir.\u201c Leipzig pr\u00e4sentiert sich in vielen Facetten: als pulsierende Messestadt, literarisches Zentrum, musikalische Hochburg und lebendige Universit\u00e4tsstadt. Zudem kann man hier auf den Spuren von Johann Sebastian Bach, Felix Mendelssohn, Martin Luther, Clara Schumann, Goethe und vielen weiteren wichtigen Pers\u00f6nlichkeiten aus der Geschichte wandeln, die das kulturelle Erbe ma\u00dfgeblich gepr\u00e4gt haben. Das abwechslungsreiche und charmante Stadtbild bietet au\u00dferdem nicht nur das weltweit gr\u00f6\u00dfte Passagennetz Deutschlands, sondern dank der zahlreichen Fl\u00fcsse und Seen auch mehr Br\u00fccken als Venedig.","short_description":"","notes":"","header_image":280492,"highlight_locations":"Thomaskirche, Augustplatz, Rathausbrunnen","additional_wheelchair":"Dieser Trail ist aufgrund von Steigungen und Treppen f\u00fcr Rollst\u00fchle und Kinderwagen nur bedingt geeignet. Alle Orte sind jedoch erreichbar.","voucher_link":"","start_location_coordinates":"51.33592, 12.37306","start_location_name":"Letzte Gaslaterne Leipzigs","start_location_address":"Martin-Luther-Ring 4, 04109 Leipzig, Deutschland","end_location_name":"Augustplatz","partner_object":null},"_links":{"self":[{"href":"https:\/\/explorial.com\/de\/wp-json\/wp\/v2\/product\/280566","targetHints":{"allow":["GET"]}}],"collection":[{"href":"https:\/\/explorial.com\/de\/wp-json\/wp\/v2\/product"}],"about":[{"href":"https:\/\/explorial.com\/de\/wp-json\/wp\/v2\/types\/product"}],"replies":[{"embeddable":true,"href":"https:\/\/explorial.com\/de\/wp-json\/wp\/v2\/comments?post=280566"}],"wp:featuredmedia":[{"embeddable":true,"href":"https:\/\/explorial.com\/de\/wp-json\/wp\/v2\/media\/280498"}],"wp:attachment":[{"href":"https:\/\/explorial.com\/de\/wp-json\/wp\/v2\/media?parent=280566"}],"wp:term":[{"taxonomy":"product_brand","embeddable":true,"href":"https:\/\/explorial.com\/de\/wp-json\/wp\/v2\/product_brand?post=280566"},{"taxonomy":"product_cat","embeddable":true,"href":"https:\/\/explorial.com\/de\/wp-json\/wp\/v2\/product_cat?post=280566"},{"taxonomy":"product_tag","embeddable":true,"href":"https:\/\/explorial.com\/de\/wp-json\/wp\/v2\/product_tag?post=280566"}],"curies":[{"name":"wp","href":"https:\/\/api.w.org\/{rel}","templated":true}]}}