{"id":274938,"date":"2024-07-30T07:22:17","date_gmt":"2024-07-30T07:22:17","guid":{"rendered":"https:\/\/explorial.com\/trails\/staedtetour-ingolstadt-1\/"},"modified":"2024-09-16T12:46:20","modified_gmt":"2024-09-16T12:46:20","slug":"staedtetour-ingolstadt-1","status":"publish","type":"product","link":"https:\/\/explorial.com\/de\/trails\/staedtetour-ingolstadt-1\/","title":{"rendered":"Ingolstadt"},"content":{"rendered":"","protected":false},"excerpt":{"rendered":"","protected":false},"featured_media":274870,"comment_status":"open","ping_status":"closed","template":"","meta":{"_acf_changed":false},"product_brand":[],"product_cat":[587,555],"product_tag":[3617],"class_list":{"0":"post-274938","1":"product","2":"type-product","3":"status-publish","4":"has-post-thumbnail","6":"product_cat-bavaria-de","7":"product_cat-germany-de","8":"product_tag-ingolstadt-de","10":"first","11":"instock","12":"sale","13":"taxable","14":"shipping-taxable","15":"purchasable","16":"product-type-variable"},"acf":{"city_name":"Ingolstadt","city_name_display":"Ingolstadt","languages":"Deutsch","duration":"etwa 1.5 - 2 Stunden","description_1":"","description_2":"","city_description":"Betretet die m\u00e4rchenhafte Altstadt von Ingolstadt! Lasst euch einfangen von ihrem historischen Flair und entdeckt beeindruckende Bauwerke wie das Alte Rathaus und das Liebfrauenm\u00fcnster. Herzog Ludwig der Gebartete und sogar der Teufel selbst begegnen euch auf eurem Spaziergang durch die verwinkelten Gassen. M\u00e4chtige Festungsanlagen erz\u00e4hlen von Ingolstadts bedeutsamer Rolle in der Geschichte. Opulenz und bayerische Lebensfreude machen euren Besuch in Ingolstadt zu einem unvergleichlichen Erlebnis.","short_description":"","notes":"","header_image":274864,"highlight_locations":"Kreuztor, Liebfrauenm\u00fcnster, Klenzepark","additional_wheelchair":"Dieser Trail ist aufgrund von Steigungen und Treppen f\u00fcr Rollst\u00fchle und Kinderwagen nur bedingt geeignet. Alle Orte sind jedoch erreichbar.","voucher_link":"","start_location_coordinates":"48.76306 , 11.42777","start_location_name":"Theaterplatz","start_location_address":"85049 Ingolstadt, Deutschland","end_location_name":"Klenzepark","partner_object":null},"_links":{"self":[{"href":"https:\/\/explorial.com\/de\/wp-json\/wp\/v2\/product\/274938","targetHints":{"allow":["GET"]}}],"collection":[{"href":"https:\/\/explorial.com\/de\/wp-json\/wp\/v2\/product"}],"about":[{"href":"https:\/\/explorial.com\/de\/wp-json\/wp\/v2\/types\/product"}],"replies":[{"embeddable":true,"href":"https:\/\/explorial.com\/de\/wp-json\/wp\/v2\/comments?post=274938"}],"wp:featuredmedia":[{"embeddable":true,"href":"https:\/\/explorial.com\/de\/wp-json\/wp\/v2\/media\/274870"}],"wp:attachment":[{"href":"https:\/\/explorial.com\/de\/wp-json\/wp\/v2\/media?parent=274938"}],"wp:term":[{"taxonomy":"product_brand","embeddable":true,"href":"https:\/\/explorial.com\/de\/wp-json\/wp\/v2\/product_brand?post=274938"},{"taxonomy":"product_cat","embeddable":true,"href":"https:\/\/explorial.com\/de\/wp-json\/wp\/v2\/product_cat?post=274938"},{"taxonomy":"product_tag","embeddable":true,"href":"https:\/\/explorial.com\/de\/wp-json\/wp\/v2\/product_tag?post=274938"}],"curies":[{"name":"wp","href":"https:\/\/api.w.org\/{rel}","templated":true}]}}