{"id":27389,"date":"2022-06-27T13:38:07","date_gmt":"2022-06-27T13:38:07","guid":{"rendered":"https:\/\/explorial.com\/trails\/staedtetour-valencia-2\/"},"modified":"2024-09-17T07:43:19","modified_gmt":"2024-09-17T07:43:19","slug":"staedtetour-valencia-2","status":"publish","type":"product","link":"https:\/\/explorial.com\/de\/trails\/staedtetour-valencia-2\/","title":{"rendered":"Valencia (Modernistische Sehensw\u00fcrdigkeiten)"},"content":{"rendered":"","protected":false},"excerpt":{"rendered":"","protected":false},"featured_media":50117,"comment_status":"open","ping_status":"closed","template":"","meta":{"_acf_changed":false},"product_brand":[],"product_cat":[484,537],"product_tag":[440],"class_list":{"0":"post-27389","1":"product","2":"type-product","3":"status-publish","4":"has-post-thumbnail","6":"product_cat-spain-de","7":"product_cat-valencia-de","8":"product_tag-valencia-es","10":"first","11":"instock","12":"sale","13":"taxable","14":"shipping-taxable","15":"purchasable","16":"product-type-variable"},"acf":{"city_name":"Valencia","city_name_display":"Valencia (Modernistische Sehensw\u00fcrdigkeiten)","languages":"Spanisch, Englisch, Franz\u00f6sisch, Deutsch","duration":"etwa 1.5 - 2 Stunden","description_1":"","description_2":"","city_description":"Valencia ist atemberaubend! Von der beeindruckenden Rokoko-Architektur des Palastes des Marquis von Dos Aguas \u00fcber den modernistischen Zentralmarkt bis hin zu einem faszinierenden Weltkulturerbe-Geb\u00e4ude - in Valencia erwarten dich authentische Baustile und kuriose Legenden.","short_description":"","notes":"","header_image":27246,"highlight_locations":"El Mercado Central, La Lonja de los Mercaderes, Palacio del Marqu\u00e9s de Dos Aguas","additional_wheelchair":"Dieser Trail ist aufgrund von Steigungen und Treppen f\u00fcr Rollst\u00fchle und Kinderwagen nur bedingt geeignet. Alle Orte sind jedoch erreichbar.","voucher_link":"","start_location_coordinates":"39.46738, -0.37702","start_location_name":"Xativa Metrostation","start_location_address":"46007 Valencia, Spanien","end_location_name":"Der Marquis von Dos Aguas Palast","partner_object":null},"_links":{"self":[{"href":"https:\/\/explorial.com\/de\/wp-json\/wp\/v2\/product\/27389","targetHints":{"allow":["GET"]}}],"collection":[{"href":"https:\/\/explorial.com\/de\/wp-json\/wp\/v2\/product"}],"about":[{"href":"https:\/\/explorial.com\/de\/wp-json\/wp\/v2\/types\/product"}],"replies":[{"embeddable":true,"href":"https:\/\/explorial.com\/de\/wp-json\/wp\/v2\/comments?post=27389"}],"wp:featuredmedia":[{"embeddable":true,"href":"https:\/\/explorial.com\/de\/wp-json\/wp\/v2\/media\/50117"}],"wp:attachment":[{"href":"https:\/\/explorial.com\/de\/wp-json\/wp\/v2\/media?parent=27389"}],"wp:term":[{"taxonomy":"product_brand","embeddable":true,"href":"https:\/\/explorial.com\/de\/wp-json\/wp\/v2\/product_brand?post=27389"},{"taxonomy":"product_cat","embeddable":true,"href":"https:\/\/explorial.com\/de\/wp-json\/wp\/v2\/product_cat?post=27389"},{"taxonomy":"product_tag","embeddable":true,"href":"https:\/\/explorial.com\/de\/wp-json\/wp\/v2\/product_tag?post=27389"}],"curies":[{"name":"wp","href":"https:\/\/api.w.org\/{rel}","templated":true}]}}