{"id":273493,"date":"2024-07-23T16:55:56","date_gmt":"2024-07-23T16:55:56","guid":{"rendered":"https:\/\/explorial.com\/trails\/staedtetour-bordeaux-1\/"},"modified":"2024-09-17T09:06:19","modified_gmt":"2024-09-17T09:06:19","slug":"staedtetour-bordeaux-1","status":"publish","type":"product","link":"https:\/\/explorial.com\/de\/trails\/staedtetour-bordeaux-1\/","title":{"rendered":"Bordeaux"},"content":{"rendered":"","protected":false},"excerpt":{"rendered":"","protected":false},"featured_media":274126,"comment_status":"open","ping_status":"closed","template":"","meta":{"_acf_changed":false},"product_brand":[],"product_cat":[502,3594],"product_tag":[3606],"class_list":{"0":"post-273493","1":"product","2":"type-product","3":"status-publish","4":"has-post-thumbnail","6":"product_cat-france-de","7":"product_cat-nouvelle-aquitaine-de","8":"product_tag-bordeaux-de","10":"first","11":"instock","12":"sale","13":"taxable","14":"shipping-taxable","15":"purchasable","16":"product-type-variable"},"acf":{"city_name":"Bordeaux","city_name_display":"Bordeaux","languages":"Englisch, Franz\u00f6sisch","duration":"etwa 1.5 - 2 Stunden","description_1":"","description_2":"","city_description":"","short_description":"","notes":"","header_image":274120,"highlight_locations":"Grand-Th\u00e9\u00e2tre, Grosse Cloche, Place de la Bourse","additional_wheelchair":"Dieser Trail ist aufgrund von Steigungen und Treppen f\u00fcr Rollst\u00fchle und Kinderwagen nur bedingt geeignet. Alle Orte sind jedoch erreichbar.","voucher_link":"","start_location_coordinates":"44.84074, -0.57207","start_location_name":"Place du Parlement","start_location_address":"Place du Parlement, 33000, France","end_location_name":"Grosse Cloche","partner_object":null},"_links":{"self":[{"href":"https:\/\/explorial.com\/de\/wp-json\/wp\/v2\/product\/273493","targetHints":{"allow":["GET"]}}],"collection":[{"href":"https:\/\/explorial.com\/de\/wp-json\/wp\/v2\/product"}],"about":[{"href":"https:\/\/explorial.com\/de\/wp-json\/wp\/v2\/types\/product"}],"replies":[{"embeddable":true,"href":"https:\/\/explorial.com\/de\/wp-json\/wp\/v2\/comments?post=273493"}],"wp:featuredmedia":[{"embeddable":true,"href":"https:\/\/explorial.com\/de\/wp-json\/wp\/v2\/media\/274126"}],"wp:attachment":[{"href":"https:\/\/explorial.com\/de\/wp-json\/wp\/v2\/media?parent=273493"}],"wp:term":[{"taxonomy":"product_brand","embeddable":true,"href":"https:\/\/explorial.com\/de\/wp-json\/wp\/v2\/product_brand?post=273493"},{"taxonomy":"product_cat","embeddable":true,"href":"https:\/\/explorial.com\/de\/wp-json\/wp\/v2\/product_cat?post=273493"},{"taxonomy":"product_tag","embeddable":true,"href":"https:\/\/explorial.com\/de\/wp-json\/wp\/v2\/product_tag?post=273493"}],"curies":[{"name":"wp","href":"https:\/\/api.w.org\/{rel}","templated":true}]}}