{"id":272893,"date":"2024-07-23T16:52:03","date_gmt":"2024-07-23T16:52:03","guid":{"rendered":"https:\/\/explorial.com\/trails\/staedtetour-bayonne-1\/"},"modified":"2024-09-17T09:36:07","modified_gmt":"2024-09-17T09:36:07","slug":"staedtetour-bayonne-1","status":"publish","type":"product","link":"https:\/\/explorial.com\/de\/trails\/staedtetour-bayonne-1\/","title":{"rendered":"Bayonne"},"content":{"rendered":"","protected":false},"excerpt":{"rendered":"","protected":false},"featured_media":272765,"comment_status":"open","ping_status":"closed","template":"","meta":{"_acf_changed":false},"product_brand":[],"product_cat":[502,3594],"product_tag":[3587],"class_list":{"0":"post-272893","1":"product","2":"type-product","3":"status-publish","4":"has-post-thumbnail","6":"product_cat-france-de","7":"product_cat-nouvelle-aquitaine-de","8":"product_tag-bayonne-de","10":"first","11":"instock","12":"sale","13":"taxable","14":"shipping-taxable","15":"purchasable","16":"product-type-variable"},"acf":{"city_name":"Bayonne","city_name_display":"Bayonne","languages":"Englisch, Franz\u00f6sisch","duration":"etwa 1.5 - 2 Stunden","description_1":"","description_2":"","city_description":"","short_description":"","notes":"","header_image":272759,"highlight_locations":"Cath\u00e9drale Sainte-Marie de Bayonne, Rue Port Neuf, Maison Moulis","additional_wheelchair":"Dieser Trail ist aufgrund von Steigungen und Treppen f\u00fcr Rollst\u00fchle und Kinderwagen nur bedingt geeignet. Alle Orte sind jedoch erreichbar.","voucher_link":"","start_location_coordinates":"43.49288, -1.47365","start_location_name":"Place du R\u00e9duit","start_location_address":"Place du R\u00e9duit, 64100, France","end_location_name":"Mus\u00e9e Basque et de l'Histoire de Bayonne","partner_object":null},"_links":{"self":[{"href":"https:\/\/explorial.com\/de\/wp-json\/wp\/v2\/product\/272893","targetHints":{"allow":["GET"]}}],"collection":[{"href":"https:\/\/explorial.com\/de\/wp-json\/wp\/v2\/product"}],"about":[{"href":"https:\/\/explorial.com\/de\/wp-json\/wp\/v2\/types\/product"}],"replies":[{"embeddable":true,"href":"https:\/\/explorial.com\/de\/wp-json\/wp\/v2\/comments?post=272893"}],"wp:featuredmedia":[{"embeddable":true,"href":"https:\/\/explorial.com\/de\/wp-json\/wp\/v2\/media\/272765"}],"wp:attachment":[{"href":"https:\/\/explorial.com\/de\/wp-json\/wp\/v2\/media?parent=272893"}],"wp:term":[{"taxonomy":"product_brand","embeddable":true,"href":"https:\/\/explorial.com\/de\/wp-json\/wp\/v2\/product_brand?post=272893"},{"taxonomy":"product_cat","embeddable":true,"href":"https:\/\/explorial.com\/de\/wp-json\/wp\/v2\/product_cat?post=272893"},{"taxonomy":"product_tag","embeddable":true,"href":"https:\/\/explorial.com\/de\/wp-json\/wp\/v2\/product_tag?post=272893"}],"curies":[{"name":"wp","href":"https:\/\/api.w.org\/{rel}","templated":true}]}}