{"id":26981,"date":"2022-04-15T13:35:19","date_gmt":"2022-04-15T13:35:19","guid":{"rendered":"https:\/\/explorial.com\/trails\/staedtetour-barcelona-1\/"},"modified":"2024-09-17T07:47:20","modified_gmt":"2024-09-17T07:47:20","slug":"staedtetour-barcelona-1","status":"publish","type":"product","link":"https:\/\/explorial.com\/de\/trails\/staedtetour-barcelona-1\/","title":{"rendered":"Barcelona (Gotisches Viertel)"},"content":{"rendered":"","protected":false},"excerpt":{"rendered":"","protected":false},"featured_media":48972,"comment_status":"open","ping_status":"closed","template":"","meta":{"_acf_changed":false},"product_brand":[],"product_cat":[533,484],"product_tag":[420],"class_list":{"0":"post-26981","1":"product","2":"type-product","3":"status-publish","4":"has-post-thumbnail","6":"product_cat-catalonia-de","7":"product_cat-spain-de","8":"product_tag-barcelona-es","10":"first","11":"instock","12":"sale","13":"taxable","14":"shipping-taxable","15":"purchasable","16":"product-type-variable"},"acf":{"city_name":"Barcelona","city_name_display":"Barcelona (Gotisches Viertel)","languages":"Spanisch, Englisch, Franz\u00f6sisch, Deutsch","duration":"etwa 1.5 - 2 Stunden","description_1":"","description_2":"","city_description":"Barcelona ist eine Stadt, die es in sich hat: Ihre Kultur, Geschichte, Architektur und faszinierenden Orte wie das Gotische Viertel und der Markt La Boqueria werden dich nicht gleichg\u00fcltig lassen! Egal, ob du Barcelona schon einmal besucht hast oder es dein erstes Mal ist, in dieser sonnigen Stadt am Mittelmeer gibt es immer etwas Neues zu entdecken.","short_description":"","notes":"","header_image":35006,"highlight_locations":"Catedral de Barcelona, Pont del Bisbe, Mercado de la Boqueria","additional_wheelchair":"Dieser Trail ist aufgrund von Steigungen und Treppen f\u00fcr Rollst\u00fchle und Kinderwagen nur bedingt geeignet. Alle Orte sind jedoch erreichbar.","voucher_link":"","start_location_coordinates":"41.38389, 2.17825","start_location_name":"Pla\u00e7a de l'\u00c0ngel","start_location_address":"Barcelona","end_location_name":"Pla\u00e7a Reial","partner_object":null},"_links":{"self":[{"href":"https:\/\/explorial.com\/de\/wp-json\/wp\/v2\/product\/26981","targetHints":{"allow":["GET"]}}],"collection":[{"href":"https:\/\/explorial.com\/de\/wp-json\/wp\/v2\/product"}],"about":[{"href":"https:\/\/explorial.com\/de\/wp-json\/wp\/v2\/types\/product"}],"replies":[{"embeddable":true,"href":"https:\/\/explorial.com\/de\/wp-json\/wp\/v2\/comments?post=26981"}],"wp:featuredmedia":[{"embeddable":true,"href":"https:\/\/explorial.com\/de\/wp-json\/wp\/v2\/media\/48972"}],"wp:attachment":[{"href":"https:\/\/explorial.com\/de\/wp-json\/wp\/v2\/media?parent=26981"}],"wp:term":[{"taxonomy":"product_brand","embeddable":true,"href":"https:\/\/explorial.com\/de\/wp-json\/wp\/v2\/product_brand?post=26981"},{"taxonomy":"product_cat","embeddable":true,"href":"https:\/\/explorial.com\/de\/wp-json\/wp\/v2\/product_cat?post=26981"},{"taxonomy":"product_tag","embeddable":true,"href":"https:\/\/explorial.com\/de\/wp-json\/wp\/v2\/product_tag?post=26981"}],"curies":[{"name":"wp","href":"https:\/\/api.w.org\/{rel}","templated":true}]}}