{"id":269474,"date":"2024-07-09T11:05:43","date_gmt":"2024-07-09T11:05:43","guid":{"rendered":"https:\/\/explorial.com\/trails\/staedtetour-kaiserslautern-1\/"},"modified":"2024-09-16T12:42:48","modified_gmt":"2024-09-16T12:42:48","slug":"staedtetour-kaiserslautern-1","status":"publish","type":"product","link":"https:\/\/explorial.com\/de\/trails\/staedtetour-kaiserslautern-1\/","title":{"rendered":"Kaiserslautern"},"content":{"rendered":"","protected":false},"excerpt":{"rendered":"","protected":false},"featured_media":269405,"comment_status":"open","ping_status":"closed","template":"","meta":{"_acf_changed":false},"product_brand":[],"product_cat":[555,3526],"product_tag":[3520],"class_list":{"0":"post-269474","1":"product","2":"type-product","3":"status-publish","4":"has-post-thumbnail","6":"product_cat-germany-de","7":"product_cat-rhineland-palatinate-de","8":"product_tag-kaiserslautern-de","10":"first","11":"instock","12":"sale","13":"taxable","14":"shipping-taxable","15":"purchasable","16":"product-type-variable"},"acf":{"city_name":"Kaiserslautern","city_name_display":"Kaiserslautern","languages":"Deutsch","duration":"etwa 1.5 - 2 Stunden","description_1":"","description_2":"","city_description":"Kaiserslautern ist das Herz der Pfalz. In den Stra\u00dfen schlummern jahrtausendealte Geschichten, die sich vor allem in der antiken Ruine des Barbarossaburg im Stadtzentrum widerspiegelt. Doch auch die sch\u00f6nen Brunnen, Stadtpl\u00e4tze und historischen Geb\u00e4ude verweisen auf eine lebhafte Vergangenheit. Legend\u00e4re Sportler, clevere K\u00f6pfe und furchtlose Krieger hinterlie\u00dfen hier ihre Spuren und machten die Stadt zu dem, was sie heute ist. Die heutige Universit\u00e4tsstadt liegt in dem sagenumwobenen Pf\u00e4lzer Wald, an vielen Ortsausg\u00e4ngen kann man das frische Wasser der Lauter genie\u00dfen, dem Fluss, der sie unterirdisch durchflie\u00dft. ","short_description":"","notes":"","header_image":269399,"highlight_locations":"Kaiserpfalz, Brezel Adam, Stiftskirche","additional_wheelchair":"Dieser Trail ist aufgrund von Steigungen und Treppen f\u00fcr Rollst\u00fchle und Kinderwagen nur bedingt geeignet. Alle Orte sind jedoch erreichbar.","voucher_link":"","start_location_coordinates":"49.44726, 7.77519","start_location_name":"Platz der Kinderrechte","start_location_address":"Stockhausplatz, 67657 Kaiserslautern, Deutschland","end_location_name":"Synagogenplatz","partner_object":null},"_links":{"self":[{"href":"https:\/\/explorial.com\/de\/wp-json\/wp\/v2\/product\/269474","targetHints":{"allow":["GET"]}}],"collection":[{"href":"https:\/\/explorial.com\/de\/wp-json\/wp\/v2\/product"}],"about":[{"href":"https:\/\/explorial.com\/de\/wp-json\/wp\/v2\/types\/product"}],"replies":[{"embeddable":true,"href":"https:\/\/explorial.com\/de\/wp-json\/wp\/v2\/comments?post=269474"}],"wp:featuredmedia":[{"embeddable":true,"href":"https:\/\/explorial.com\/de\/wp-json\/wp\/v2\/media\/269405"}],"wp:attachment":[{"href":"https:\/\/explorial.com\/de\/wp-json\/wp\/v2\/media?parent=269474"}],"wp:term":[{"taxonomy":"product_brand","embeddable":true,"href":"https:\/\/explorial.com\/de\/wp-json\/wp\/v2\/product_brand?post=269474"},{"taxonomy":"product_cat","embeddable":true,"href":"https:\/\/explorial.com\/de\/wp-json\/wp\/v2\/product_cat?post=269474"},{"taxonomy":"product_tag","embeddable":true,"href":"https:\/\/explorial.com\/de\/wp-json\/wp\/v2\/product_tag?post=269474"}],"curies":[{"name":"wp","href":"https:\/\/api.w.org\/{rel}","templated":true}]}}