{"id":26777,"date":"2022-04-21T13:31:53","date_gmt":"2022-04-21T13:31:53","guid":{"rendered":"https:\/\/explorial.com\/trails\/staedtetour-aix-en-provence-1\/"},"modified":"2024-09-17T08:56:59","modified_gmt":"2024-09-17T08:56:59","slug":"staedtetour-aix-en-provence-1","status":"publish","type":"product","link":"https:\/\/explorial.com\/de\/trails\/staedtetour-aix-en-provence-1\/","title":{"rendered":"Aix-en-Provence"},"content":{"rendered":"","protected":false},"excerpt":{"rendered":"","protected":false},"featured_media":36270,"comment_status":"open","ping_status":"closed","template":"","meta":{"_acf_changed":false},"product_brand":[],"product_cat":[502,517],"product_tag":[528],"class_list":{"0":"post-26777","1":"product","2":"type-product","3":"status-publish","4":"has-post-thumbnail","6":"product_cat-france-de","7":"product_cat-provence-alpes-cote-dazur-de","8":"product_tag-aix-en-provence-es","10":"first","11":"instock","12":"sale","13":"taxable","14":"shipping-taxable","15":"purchasable","16":"product-type-variable"},"acf":{"city_name":"Aix-en-Provence","city_name_display":"Aix-en-Provence","languages":"Franz\u00f6sisch, Englisch, Italienisch, Deutsch","duration":"etwa 1.5 - 2 Stunden","description_1":"","description_2":"","city_description":"Aix-en-Provence, die Stadt der unz\u00e4hligen Font\u00e4nen, singt das Loblied von C\u00e9zanne. Ein Spaziergang dort ist wie das Betreten eines Gem\u00e4ldes, in dem sich die D\u00fcfte der provenzalischen M\u00e4rkte mit dem Ocker der Maler vermischen, die sie sich zu eigen gemacht haben.","short_description":"","notes":"","header_image":26634,"highlight_locations":"Place des Pr\u00eacheurs, Place d'Albertas, Cath\u00e9drale Saint-Sauveur","additional_wheelchair":"Dieser Trail ist aufgrund von Steigungen und Treppen f\u00fcr Rollst\u00fchle und Kinderwagen nur bedingt geeignet. Alle Orte sind jedoch erreichbar.","voucher_link":"","start_location_coordinates":"43.53205, 5.45078","start_location_name":"Rue Mignet","start_location_address":"44 bis rue Mignet","end_location_name":"Kathedrale Saint-Sauveur","partner_object":null},"_links":{"self":[{"href":"https:\/\/explorial.com\/de\/wp-json\/wp\/v2\/product\/26777","targetHints":{"allow":["GET"]}}],"collection":[{"href":"https:\/\/explorial.com\/de\/wp-json\/wp\/v2\/product"}],"about":[{"href":"https:\/\/explorial.com\/de\/wp-json\/wp\/v2\/types\/product"}],"replies":[{"embeddable":true,"href":"https:\/\/explorial.com\/de\/wp-json\/wp\/v2\/comments?post=26777"}],"wp:featuredmedia":[{"embeddable":true,"href":"https:\/\/explorial.com\/de\/wp-json\/wp\/v2\/media\/36270"}],"wp:attachment":[{"href":"https:\/\/explorial.com\/de\/wp-json\/wp\/v2\/media?parent=26777"}],"wp:term":[{"taxonomy":"product_brand","embeddable":true,"href":"https:\/\/explorial.com\/de\/wp-json\/wp\/v2\/product_brand?post=26777"},{"taxonomy":"product_cat","embeddable":true,"href":"https:\/\/explorial.com\/de\/wp-json\/wp\/v2\/product_cat?post=26777"},{"taxonomy":"product_tag","embeddable":true,"href":"https:\/\/explorial.com\/de\/wp-json\/wp\/v2\/product_tag?post=26777"}],"curies":[{"name":"wp","href":"https:\/\/api.w.org\/{rel}","templated":true}]}}