{"id":26581,"date":"2022-06-01T13:30:29","date_gmt":"2022-06-01T13:30:29","guid":{"rendered":"https:\/\/explorial.com\/trails\/staedtetour-strassburg-1\/"},"modified":"2024-09-17T08:45:27","modified_gmt":"2024-09-17T08:45:27","slug":"staedtetour-strassburg-1","status":"publish","type":"product","link":"https:\/\/explorial.com\/de\/trails\/staedtetour-strassburg-1\/","title":{"rendered":"Strassburg"},"content":{"rendered":"","protected":false},"excerpt":{"rendered":"","protected":false},"featured_media":36694,"comment_status":"open","ping_status":"closed","template":"","meta":{"_acf_changed":false},"product_brand":[],"product_cat":[502,523],"product_tag":[525],"class_list":{"0":"post-26581","1":"product","2":"type-product","3":"status-publish","4":"has-post-thumbnail","6":"product_cat-france-de","7":"product_cat-grand-est-de","8":"product_tag-strasbourg-es","10":"first","11":"instock","12":"sale","13":"taxable","14":"shipping-taxable","15":"purchasable","16":"product-type-variable"},"acf":{"city_name":"Strassburg","city_name_display":"Strassburg","languages":"Franz\u00f6sisch, Englisch, Italienisch, Deutsch","duration":"etwa 1.5 - 2 Stunden","description_1":"","description_2":"","city_description":"Stra\u00dfburg wird dich immer wieder aufs Neue \u00fcberraschen. Es ist eine Stadt mit einer gezeichneten Geschichte, die ihr im Laufe der Jahrhunderte ein reichhaltiges und vielf\u00e4ltiges architektonisches Erbe beschert hat. Deine Augen und dein Gaumen werden begeistert sein. Zwischen malerischen Stra\u00dfen und kulinarischen Spezialit\u00e4ten wird dich Stra\u00dfburg verzaubern.","short_description":"","notes":"","header_image":36662,"highlight_locations":"Quartier de la Petite France, Place de la cath\u00e9drale, Eglise Saint-Thomas","additional_wheelchair":"Dieser Trail ist aufgrund von Steigungen und Treppen f\u00fcr Rollst\u00fchle und Kinderwagen nur bedingt geeignet. Alle Orte sind jedoch erreichbar.","voucher_link":"","start_location_coordinates":"48.5789493, 7.7546623","start_location_name":"Platz der Waisen","start_location_address":"67000 Stra\u00dfburg, Frankreich","end_location_name":"Kathedralenplatz","partner_object":null},"_links":{"self":[{"href":"https:\/\/explorial.com\/de\/wp-json\/wp\/v2\/product\/26581","targetHints":{"allow":["GET"]}}],"collection":[{"href":"https:\/\/explorial.com\/de\/wp-json\/wp\/v2\/product"}],"about":[{"href":"https:\/\/explorial.com\/de\/wp-json\/wp\/v2\/types\/product"}],"replies":[{"embeddable":true,"href":"https:\/\/explorial.com\/de\/wp-json\/wp\/v2\/comments?post=26581"}],"wp:featuredmedia":[{"embeddable":true,"href":"https:\/\/explorial.com\/de\/wp-json\/wp\/v2\/media\/36694"}],"wp:attachment":[{"href":"https:\/\/explorial.com\/de\/wp-json\/wp\/v2\/media?parent=26581"}],"wp:term":[{"taxonomy":"product_brand","embeddable":true,"href":"https:\/\/explorial.com\/de\/wp-json\/wp\/v2\/product_brand?post=26581"},{"taxonomy":"product_cat","embeddable":true,"href":"https:\/\/explorial.com\/de\/wp-json\/wp\/v2\/product_cat?post=26581"},{"taxonomy":"product_tag","embeddable":true,"href":"https:\/\/explorial.com\/de\/wp-json\/wp\/v2\/product_tag?post=26581"}],"curies":[{"name":"wp","href":"https:\/\/api.w.org\/{rel}","templated":true}]}}