{"id":263216,"date":"2024-06-21T11:12:29","date_gmt":"2024-06-21T11:12:29","guid":{"rendered":"https:\/\/explorial.com\/trails\/staedtetour-ahrensburg-1\/"},"modified":"2024-09-16T12:32:14","modified_gmt":"2024-09-16T12:32:14","slug":"staedtetour-ahrensburg-1","status":"publish","type":"product","link":"https:\/\/explorial.com\/de\/trails\/staedtetour-ahrensburg-1\/","title":{"rendered":"Ahrensburg"},"content":{"rendered":"","protected":false},"excerpt":{"rendered":"","protected":false},"featured_media":263147,"comment_status":"open","ping_status":"closed","template":"","meta":{"_acf_changed":false},"product_brand":[],"product_cat":[555,3446],"product_tag":[3441],"class_list":{"0":"post-263216","1":"product","2":"type-product","3":"status-publish","4":"has-post-thumbnail","6":"product_cat-germany-de","7":"product_cat-schleswig-holstein-de","8":"product_tag-ahrensburg-de","10":"first","11":"instock","12":"sale","13":"taxable","14":"shipping-taxable","15":"purchasable","16":"product-type-variable"},"acf":{"city_name":"Ahrensburg","city_name_display":"Ahrensburg","languages":"Deutsch","duration":"etwa 1.5 - 2 Stunden","description_1":"","description_2":"","city_description":"Im kleinen Ahrensburg in Holstein gibt es erstaunlich viele historische Ecken zu entdecken \u2013 und spannende Geschichten. Die Stadt ist sehr jung, erst 1949 wurde Ahrensburg zur Stadt ernannt, daher sind im Zentrum eher neuere Geb\u00e4ude zu finden. Aber etwas au\u00dferhalb des Stadtkerns treffen Besucher auf Geschichte. Und die hat es in sich, mit Hilfsprojekten f\u00fcr die Armen, aufst\u00e4ndischen Bauern und nat\u00fcrlich hochherrschaftlichen Geb\u00e4uden inklusive des prachtvollen wei\u00dfen Schlosses. Die Umgebung Ahrensburgs hat au\u00dferdem beliebte Wanderwege zu bieten - auf den Pfaden steinzeitlicher J\u00e4ger.","short_description":"","notes":"","header_image":263141,"highlight_locations":"Schloss Ahrensburg, Historische Schlossm\u00fchle, Gottesbuden","additional_wheelchair":"Dieser Trail ist aufgrund von Steigungen und Treppen f\u00fcr Rollst\u00fchle und Kinderwagen nur bedingt geeignet. Alle Orte sind jedoch erreichbar.","voucher_link":"","start_location_coordinates":"53.67724, 10.24013","start_location_name":"Gedenkstein","start_location_address":"Am Alten Markt 13-7, 22926 Ahrensburg, Deutschland","end_location_name":"Schloss Ahrensburg","partner_object":null},"_links":{"self":[{"href":"https:\/\/explorial.com\/de\/wp-json\/wp\/v2\/product\/263216","targetHints":{"allow":["GET"]}}],"collection":[{"href":"https:\/\/explorial.com\/de\/wp-json\/wp\/v2\/product"}],"about":[{"href":"https:\/\/explorial.com\/de\/wp-json\/wp\/v2\/types\/product"}],"replies":[{"embeddable":true,"href":"https:\/\/explorial.com\/de\/wp-json\/wp\/v2\/comments?post=263216"}],"wp:featuredmedia":[{"embeddable":true,"href":"https:\/\/explorial.com\/de\/wp-json\/wp\/v2\/media\/263147"}],"wp:attachment":[{"href":"https:\/\/explorial.com\/de\/wp-json\/wp\/v2\/media?parent=263216"}],"wp:term":[{"taxonomy":"product_brand","embeddable":true,"href":"https:\/\/explorial.com\/de\/wp-json\/wp\/v2\/product_brand?post=263216"},{"taxonomy":"product_cat","embeddable":true,"href":"https:\/\/explorial.com\/de\/wp-json\/wp\/v2\/product_cat?post=263216"},{"taxonomy":"product_tag","embeddable":true,"href":"https:\/\/explorial.com\/de\/wp-json\/wp\/v2\/product_tag?post=263216"}],"curies":[{"name":"wp","href":"https:\/\/api.w.org\/{rel}","templated":true}]}}