{"id":261537,"date":"2024-06-13T11:07:08","date_gmt":"2024-06-13T11:07:08","guid":{"rendered":"https:\/\/explorial.com\/trails\/staedtetour-luneburg-1\/"},"modified":"2024-09-16T12:16:10","modified_gmt":"2024-09-16T12:16:10","slug":"staedtetour-luneburg-1","status":"publish","type":"product","link":"https:\/\/explorial.com\/de\/trails\/staedtetour-luneburg-1\/","title":{"rendered":"L\u00fcneburg"},"content":{"rendered":"","protected":false},"excerpt":{"rendered":"","protected":false},"featured_media":261469,"comment_status":"open","ping_status":"closed","template":"","meta":{"_acf_changed":false},"product_brand":[],"product_cat":[555,1057],"product_tag":[3408],"class_list":{"0":"post-261537","1":"product","2":"type-product","3":"status-publish","4":"has-post-thumbnail","6":"product_cat-germany-de","7":"product_cat-lower-saxony-de","8":"product_tag-luneburg-de","10":"first","11":"instock","12":"sale","13":"taxable","14":"shipping-taxable","15":"purchasable","16":"product-type-variable"},"acf":{"city_name":"L\u00fcneburg","city_name_display":"L\u00fcneburg","languages":"Deutsch","duration":"etwa 1.5 - 2 Stunden","description_1":"","description_2":"","city_description":"Fr\u00fcher gepr\u00e4gt durch den Salzabbau, heute durch eine Vorabendserie und die Universit\u00e4t. L\u00fcneburg hat nicht nur eine spannende Geschichte, die noch heute an jeder Ecke zu entdecken ist \u2013 von der wundersch\u00f6nen Altstadt \u00fcber den alten Fischmarkt bis hin zu beeindruckenden Konstruktionen aus dem Mittelalter. Heute stolpert man nicht selten \u00fcber ein Kamerateam. Mitten in der L\u00fcneburger Heide gelegen, l\u00e4dt auch die Umgebung zu Ausfl\u00fcgen und der Erkundung sch\u00f6ner und kurioser Orte ein.","short_description":"","notes":"","header_image":261463,"highlight_locations":"Brausebr\u00fccke, Rathaus, Gasse \u201cAuf dem Meere\u201d","additional_wheelchair":"Dieser Trail ist aufgrund von Steigungen und Treppen f\u00fcr Rollst\u00fchle und Kinderwagen nur bedingt geeignet. Alle Orte sind jedoch erreichbar.","voucher_link":"","start_location_coordinates":"53.25063, 10.40591","start_location_name":"Ratsb\u00fccherei","start_location_address":"Am Marienplatz 3, 21335 L\u00fcneburg, Deutschland","end_location_name":"Stintmarkt","partner_object":null},"_links":{"self":[{"href":"https:\/\/explorial.com\/de\/wp-json\/wp\/v2\/product\/261537","targetHints":{"allow":["GET"]}}],"collection":[{"href":"https:\/\/explorial.com\/de\/wp-json\/wp\/v2\/product"}],"about":[{"href":"https:\/\/explorial.com\/de\/wp-json\/wp\/v2\/types\/product"}],"replies":[{"embeddable":true,"href":"https:\/\/explorial.com\/de\/wp-json\/wp\/v2\/comments?post=261537"}],"wp:featuredmedia":[{"embeddable":true,"href":"https:\/\/explorial.com\/de\/wp-json\/wp\/v2\/media\/261469"}],"wp:attachment":[{"href":"https:\/\/explorial.com\/de\/wp-json\/wp\/v2\/media?parent=261537"}],"wp:term":[{"taxonomy":"product_brand","embeddable":true,"href":"https:\/\/explorial.com\/de\/wp-json\/wp\/v2\/product_brand?post=261537"},{"taxonomy":"product_cat","embeddable":true,"href":"https:\/\/explorial.com\/de\/wp-json\/wp\/v2\/product_cat?post=261537"},{"taxonomy":"product_tag","embeddable":true,"href":"https:\/\/explorial.com\/de\/wp-json\/wp\/v2\/product_tag?post=261537"}],"curies":[{"name":"wp","href":"https:\/\/api.w.org\/{rel}","templated":true}]}}