{"id":25961,"date":"2022-06-01T13:26:12","date_gmt":"2022-06-01T13:26:12","guid":{"rendered":"https:\/\/explorial.com\/trails\/staedtetour-paris-2\/"},"modified":"2024-09-17T08:42:51","modified_gmt":"2024-09-17T08:42:51","slug":"staedtetour-paris-2","status":"publish","type":"product","link":"https:\/\/explorial.com\/de\/trails\/staedtetour-paris-2\/","title":{"rendered":"Paris (Montmartre)"},"content":{"rendered":"","protected":false},"excerpt":{"rendered":"","protected":false},"featured_media":51832,"comment_status":"open","ping_status":"closed","template":"","meta":{"_acf_changed":false},"product_brand":[],"product_cat":[502,511],"product_tag":[507],"class_list":{"0":"post-25961","1":"product","2":"type-product","3":"status-publish","4":"has-post-thumbnail","6":"product_cat-france-de","7":"product_cat-paris-region-de","8":"product_tag-paris-es","10":"first","11":"instock","12":"sale","13":"taxable","14":"shipping-taxable","15":"purchasable","16":"product-type-variable"},"acf":{"city_name":"Paris","city_name_display":"Paris (Montmartre)","languages":"Franz\u00f6sisch, Englisch, Italienisch, Deutsch","duration":"etwa 1.5 - 2 Stunden","description_1":"","description_2":"","city_description":"Montmartre wird erst seit Kurzem als Teil von Paris angesehen, aber der Laie k\u00f6nnte denken, dass es sich um ein und dasselbe handelt. Doch sobald du den Boulevard de Clichy hinter dir gelassen hast, betrittst du eine andere Welt, ein Dorf auf einem H\u00fcgel, das einst der Zufluchtsort von Exzentrikern und Verr\u00fcckten war: von K\u00fcnstlern.","short_description":"","notes":"","header_image":51807,"highlight_locations":"Moulin rouge, Mur des \u201cJe t\u2019aime\u201d, Basilique du Sacr\u00e9 C\u0153ur de Montmartre","additional_wheelchair":"Dieser Trail ist aufgrund von Steigungen und Treppen f\u00fcr Rollst\u00fchle und Kinderwagen nur bedingt geeignet. Alle Orte sind jedoch erreichbar.","voucher_link":"","start_location_coordinates":"48.88364, 2.33308","start_location_name":"Blanche","start_location_address":"Metro Blanche, 75018 Paris","end_location_name":"Basilika Sacr\u00e9 C\u0153ur de Montmartre","partner_object":null},"_links":{"self":[{"href":"https:\/\/explorial.com\/de\/wp-json\/wp\/v2\/product\/25961","targetHints":{"allow":["GET"]}}],"collection":[{"href":"https:\/\/explorial.com\/de\/wp-json\/wp\/v2\/product"}],"about":[{"href":"https:\/\/explorial.com\/de\/wp-json\/wp\/v2\/types\/product"}],"replies":[{"embeddable":true,"href":"https:\/\/explorial.com\/de\/wp-json\/wp\/v2\/comments?post=25961"}],"wp:featuredmedia":[{"embeddable":true,"href":"https:\/\/explorial.com\/de\/wp-json\/wp\/v2\/media\/51832"}],"wp:attachment":[{"href":"https:\/\/explorial.com\/de\/wp-json\/wp\/v2\/media?parent=25961"}],"wp:term":[{"taxonomy":"product_brand","embeddable":true,"href":"https:\/\/explorial.com\/de\/wp-json\/wp\/v2\/product_brand?post=25961"},{"taxonomy":"product_cat","embeddable":true,"href":"https:\/\/explorial.com\/de\/wp-json\/wp\/v2\/product_cat?post=25961"},{"taxonomy":"product_tag","embeddable":true,"href":"https:\/\/explorial.com\/de\/wp-json\/wp\/v2\/product_tag?post=25961"}],"curies":[{"name":"wp","href":"https:\/\/api.w.org\/{rel}","templated":true}]}}