{"id":25757,"date":"2022-06-01T13:24:51","date_gmt":"2022-06-01T13:24:51","guid":{"rendered":"https:\/\/explorial.com\/trails\/staedtetour-paris-1\/"},"modified":"2024-09-17T08:40:21","modified_gmt":"2024-09-17T08:40:21","slug":"staedtetour-paris-1","status":"publish","type":"product","link":"https:\/\/explorial.com\/de\/trails\/staedtetour-paris-1\/","title":{"rendered":"Paris (Bezirk Marais)"},"content":{"rendered":"","protected":false},"excerpt":{"rendered":"","protected":false},"featured_media":51653,"comment_status":"open","ping_status":"closed","template":"","meta":{"_acf_changed":false},"product_brand":[],"product_cat":[502,511],"product_tag":[508],"class_list":{"0":"post-25757","1":"product","2":"type-product","3":"status-publish","4":"has-post-thumbnail","6":"product_cat-france-de","7":"product_cat-paris-region-de","8":"product_tag-paris-de","10":"first","11":"instock","12":"sale","13":"taxable","14":"shipping-taxable","15":"purchasable","16":"product-type-variable"},"acf":{"city_name":"Paris","city_name_display":"Paris (Bezirk Marais)","languages":"Franz\u00f6sisch, Englisch, Italienisch, Deutsch","duration":"etwa 1.5 - 2 Stunden","description_1":"","description_2":"","city_description":"Paris, die meistbesuchte Stadt der Welt, ber\u00fchmt f\u00fcr ihren Eiffelturm, den Louvre, den Triumphbogen ... Doch die franz\u00f6sische Hauptstadt hat mehr als nur ein Wunder in petto: In den Gassen des Paris der Voraufkl\u00e4rungszeit schwelt die Geschichte, die sie von den Galliern bis zur Revolution f\u00fchrte.","short_description":"","notes":"","header_image":36482,"highlight_locations":"Place de la Bastille, H\u00f4tel de Sens, Place des Vosges","additional_wheelchair":"Dieser Trail ist aufgrund von Steigungen und Treppen f\u00fcr Rollst\u00fchle und Kinderwagen nur bedingt geeignet. Alle Orte sind jedoch erreichbar.","voucher_link":"","start_location_coordinates":"48.8577, 2.3475","start_location_name":"Place du Ch\u00e2telet","start_location_address":"75001 Paris","end_location_name":"Place de la Bastille","partner_object":null},"_links":{"self":[{"href":"https:\/\/explorial.com\/de\/wp-json\/wp\/v2\/product\/25757","targetHints":{"allow":["GET"]}}],"collection":[{"href":"https:\/\/explorial.com\/de\/wp-json\/wp\/v2\/product"}],"about":[{"href":"https:\/\/explorial.com\/de\/wp-json\/wp\/v2\/types\/product"}],"replies":[{"embeddable":true,"href":"https:\/\/explorial.com\/de\/wp-json\/wp\/v2\/comments?post=25757"}],"wp:featuredmedia":[{"embeddable":true,"href":"https:\/\/explorial.com\/de\/wp-json\/wp\/v2\/media\/51653"}],"wp:attachment":[{"href":"https:\/\/explorial.com\/de\/wp-json\/wp\/v2\/media?parent=25757"}],"wp:term":[{"taxonomy":"product_brand","embeddable":true,"href":"https:\/\/explorial.com\/de\/wp-json\/wp\/v2\/product_brand?post=25757"},{"taxonomy":"product_cat","embeddable":true,"href":"https:\/\/explorial.com\/de\/wp-json\/wp\/v2\/product_cat?post=25757"},{"taxonomy":"product_tag","embeddable":true,"href":"https:\/\/explorial.com\/de\/wp-json\/wp\/v2\/product_tag?post=25757"}],"curies":[{"name":"wp","href":"https:\/\/api.w.org\/{rel}","templated":true}]}}