{"id":25333,"date":"2022-07-07T13:20:40","date_gmt":"2022-07-07T13:20:40","guid":{"rendered":"https:\/\/explorial.com\/trails\/staedtetour-lissabon-2\/"},"modified":"2024-09-17T13:38:02","modified_gmt":"2024-09-17T13:38:02","slug":"staedtetour-lissabon-2","status":"publish","type":"product","link":"https:\/\/explorial.com\/de\/trails\/staedtetour-lissabon-2\/","title":{"rendered":"Lissabon (Bezirk Bel\u00e9m)"},"content":{"rendered":"","protected":false},"excerpt":{"rendered":"","protected":false},"featured_media":25222,"comment_status":"open","ping_status":"closed","template":"","meta":{"_acf_changed":false},"product_brand":[],"product_cat":[477,479],"product_tag":[476],"class_list":{"0":"post-25333","1":"product","2":"type-product","3":"status-publish","4":"has-post-thumbnail","6":"product_cat-portugal-de","7":"product_cat-lisbon-region-de","8":"product_tag-lisbon-es","10":"first","11":"instock","12":"sale","13":"taxable","14":"shipping-taxable","15":"purchasable","16":"product-type-variable"},"acf":{"city_name":"Lissabon","city_name_display":"Lissabon (Bezirk Bel\u00e9m)","languages":"Portugiesisch, Englisch, Spanisch, Franz\u00f6sisch, Deutsch","duration":"etwa 1.5 - 2 Stunden","description_1":"","description_2":"","city_description":"Wenn du Bel\u00e9m zu Fu\u00df erkundest, erlebst du Sehensw\u00fcrdigkeiten, die dich in die glorreiche \u00c4ra der Entdeckungen zur\u00fcckversetzen - den Ort, von dem aus die gr\u00f6\u00dften Entdecker Portugals aufbrachen. In diesem ehemaligen Fischerdorf gibt es das ber\u00fchmte Puddingt\u00f6rtchen \"Pastel de Bel\u00e9m\" und auch architektonische Ikonen, die die portugiesische Geschichte pr\u00e4gen. Es erwartet dich eine unvergessliche und spannende Tour durch eines der monumentalsten Viertel Lissabons.","short_description":"","notes":"","header_image":25190,"highlight_locations":"Torre de Bel\u00e9m, Padr\u00e3o dos Descobrimentos, Mosteiro dos Jer\u00f3nimos","additional_wheelchair":"Dieser Trail ist aufgrund von Steigungen und Treppen f\u00fcr Rollst\u00fchle und Kinderwagen nur bedingt geeignet. Alle Orte sind jedoch erreichbar.","voucher_link":"","start_location_coordinates":"38.69689, -9.19887","start_location_name":"Nationales Kutschenmuseum","start_location_address":"Av. da \u00cdndia 136, 1300-300 Portugal","end_location_name":"Turm von Bel\u00e9m (Torre de Bel\u00e9m)","partner_object":null},"_links":{"self":[{"href":"https:\/\/explorial.com\/de\/wp-json\/wp\/v2\/product\/25333","targetHints":{"allow":["GET"]}}],"collection":[{"href":"https:\/\/explorial.com\/de\/wp-json\/wp\/v2\/product"}],"about":[{"href":"https:\/\/explorial.com\/de\/wp-json\/wp\/v2\/types\/product"}],"replies":[{"embeddable":true,"href":"https:\/\/explorial.com\/de\/wp-json\/wp\/v2\/comments?post=25333"}],"wp:featuredmedia":[{"embeddable":true,"href":"https:\/\/explorial.com\/de\/wp-json\/wp\/v2\/media\/25222"}],"wp:attachment":[{"href":"https:\/\/explorial.com\/de\/wp-json\/wp\/v2\/media?parent=25333"}],"wp:term":[{"taxonomy":"product_brand","embeddable":true,"href":"https:\/\/explorial.com\/de\/wp-json\/wp\/v2\/product_brand?post=25333"},{"taxonomy":"product_cat","embeddable":true,"href":"https:\/\/explorial.com\/de\/wp-json\/wp\/v2\/product_cat?post=25333"},{"taxonomy":"product_tag","embeddable":true,"href":"https:\/\/explorial.com\/de\/wp-json\/wp\/v2\/product_tag?post=25333"}],"curies":[{"name":"wp","href":"https:\/\/api.w.org\/{rel}","templated":true}]}}