{"id":25121,"date":"2022-07-07T13:19:11","date_gmt":"2022-07-07T13:19:11","guid":{"rendered":"https:\/\/explorial.com\/trails\/staedtetour-lissabon-1\/"},"modified":"2024-09-17T13:40:48","modified_gmt":"2024-09-17T13:40:48","slug":"staedtetour-lissabon-1","status":"publish","type":"product","link":"https:\/\/explorial.com\/de\/trails\/staedtetour-lissabon-1\/","title":{"rendered":"Lissabon (Viertel Chiado und Baixa)"},"content":{"rendered":"","protected":false},"excerpt":{"rendered":"","protected":false},"featured_media":50710,"comment_status":"open","ping_status":"closed","template":"","meta":{"_acf_changed":false},"product_brand":[],"product_cat":[477,479],"product_tag":[475],"class_list":{"0":"post-25121","1":"product","2":"type-product","3":"status-publish","4":"has-post-thumbnail","6":"product_cat-portugal-de","7":"product_cat-lisbon-region-de","8":"product_tag-lisbon-de","10":"first","11":"instock","12":"sale","13":"taxable","14":"shipping-taxable","15":"purchasable","16":"product-type-variable"},"acf":{"city_name":"Lissabon","city_name_display":"Lissabon (Viertel Chiado und Baixa)","languages":"Portugiesisch, Englisch, Spanisch, Franz\u00f6sisch, Deutsch","duration":"etwa 1.5 - 2 Stunden","description_1":"","description_2":"","city_description":"Lissabon ist eine der \u00e4ltesten Hauptst\u00e4dte Europas, voller Geschichte, symboltr\u00e4chtiger Denkm\u00e4ler und lebendiger Orte. Mit faszinierenden Gassen voller Charme und bukolischen Landschaften haben Lissabons Stadtteile wie Chiado und Baixa Pombalina ihre eigene Aura. Es wird unm\u00f6glich sein, sich nicht in den Charme der coolsten Stadt Europas zu verlieben! ","short_description":"","notes":"","header_image":50670,"highlight_locations":"Elevador de Santa Justa , Pra\u00e7a dos Restauradores, Arco da Rua Augusta","additional_wheelchair":"Dieser Trail ist aufgrund von Steigungen und Treppen f\u00fcr Rollst\u00fchle und Kinderwagen nur bedingt geeignet. Alle Orte sind jedoch erreichbar.","voucher_link":"","start_location_coordinates":"38.71536, -9.1409","start_location_name":"Blue Liberdade Hotel","start_location_address":"Pra\u00e7a dos Restauradores 78, 1250-188 Portugal","end_location_name":"Platz des Handels (Pra\u00e7a do Com\u00e9rcio)","partner_object":null},"_links":{"self":[{"href":"https:\/\/explorial.com\/de\/wp-json\/wp\/v2\/product\/25121","targetHints":{"allow":["GET"]}}],"collection":[{"href":"https:\/\/explorial.com\/de\/wp-json\/wp\/v2\/product"}],"about":[{"href":"https:\/\/explorial.com\/de\/wp-json\/wp\/v2\/types\/product"}],"replies":[{"embeddable":true,"href":"https:\/\/explorial.com\/de\/wp-json\/wp\/v2\/comments?post=25121"}],"wp:featuredmedia":[{"embeddable":true,"href":"https:\/\/explorial.com\/de\/wp-json\/wp\/v2\/media\/50710"}],"wp:attachment":[{"href":"https:\/\/explorial.com\/de\/wp-json\/wp\/v2\/media?parent=25121"}],"wp:term":[{"taxonomy":"product_brand","embeddable":true,"href":"https:\/\/explorial.com\/de\/wp-json\/wp\/v2\/product_brand?post=25121"},{"taxonomy":"product_cat","embeddable":true,"href":"https:\/\/explorial.com\/de\/wp-json\/wp\/v2\/product_cat?post=25121"},{"taxonomy":"product_tag","embeddable":true,"href":"https:\/\/explorial.com\/de\/wp-json\/wp\/v2\/product_tag?post=25121"}],"curies":[{"name":"wp","href":"https:\/\/api.w.org\/{rel}","templated":true}]}}