{"id":24925,"date":"2022-04-01T13:17:54","date_gmt":"2022-04-01T13:17:54","guid":{"rendered":"https:\/\/explorial.com\/trails\/staedtetour-braga-1\/"},"modified":"2024-09-17T13:31:56","modified_gmt":"2024-09-17T13:31:56","slug":"staedtetour-braga-1","status":"publish","type":"product","link":"https:\/\/explorial.com\/de\/trails\/staedtetour-braga-1\/","title":{"rendered":"Braga"},"content":{"rendered":"","protected":false},"excerpt":{"rendered":"","protected":false},"featured_media":50408,"comment_status":"open","ping_status":"closed","template":"","meta":{"_acf_changed":false},"product_brand":[],"product_cat":[490,477],"product_tag":[495],"class_list":{"0":"post-24925","1":"product","2":"type-product","3":"status-publish","4":"has-post-thumbnail","6":"product_cat-northern-portugal-de","7":"product_cat-portugal-de","8":"product_tag-braga-es","10":"first","11":"instock","12":"sale","13":"taxable","14":"shipping-taxable","15":"purchasable","16":"product-type-variable"},"acf":{"city_name":"Braga","city_name_display":"Braga","languages":"Portugiesisch, Englisch, Spanisch, Franz\u00f6sisch, Deutsch","duration":"etwa 1.5 - 2 Stunden","description_1":"","description_2":"","city_description":"Willkommen in Braga. Das ist die Hauptstadt der Region Minho. Auf dieser Route lernst du die Verbundenheit der Stadt mit ihren katholischen Br\u00e4uchen kennen, die eine \u00e4u\u00dferst herzliche Bev\u00f6lkerung und eine jahrhundertealte Sch\u00f6nheit voller Leben vereint. Dies ist die Stadt der Erzbisch\u00f6fe und Orte wie die Kathedrale von Braga oder das Kloster von P\u00f3pulo werden dich sicherlich sprachlos machen.","short_description":"","notes":"","header_image":50398,"highlight_locations":"Jardim de Santa B\u00e1rbara, Arco da Porta Nova, S\u00e9 de Braga","additional_wheelchair":"Dieser Trail ist aufgrund von Steigungen und Treppen f\u00fcr Rollst\u00fchle und Kinderwagen nur bedingt geeignet. Alle Orte sind jedoch erreichbar.","voucher_link":"","start_location_coordinates":"41.55138, -8.42245","start_location_name":"Pra\u00e7a da Rep\u00fablica","start_location_address":"Braga","end_location_name":"Kirche Santa Cruz (Igreja Santa Cruz)","partner_object":null},"_links":{"self":[{"href":"https:\/\/explorial.com\/de\/wp-json\/wp\/v2\/product\/24925","targetHints":{"allow":["GET"]}}],"collection":[{"href":"https:\/\/explorial.com\/de\/wp-json\/wp\/v2\/product"}],"about":[{"href":"https:\/\/explorial.com\/de\/wp-json\/wp\/v2\/types\/product"}],"replies":[{"embeddable":true,"href":"https:\/\/explorial.com\/de\/wp-json\/wp\/v2\/comments?post=24925"}],"wp:featuredmedia":[{"embeddable":true,"href":"https:\/\/explorial.com\/de\/wp-json\/wp\/v2\/media\/50408"}],"wp:attachment":[{"href":"https:\/\/explorial.com\/de\/wp-json\/wp\/v2\/media?parent=24925"}],"wp:term":[{"taxonomy":"product_brand","embeddable":true,"href":"https:\/\/explorial.com\/de\/wp-json\/wp\/v2\/product_brand?post=24925"},{"taxonomy":"product_cat","embeddable":true,"href":"https:\/\/explorial.com\/de\/wp-json\/wp\/v2\/product_cat?post=24925"},{"taxonomy":"product_tag","embeddable":true,"href":"https:\/\/explorial.com\/de\/wp-json\/wp\/v2\/product_tag?post=24925"}],"curies":[{"name":"wp","href":"https:\/\/api.w.org\/{rel}","templated":true}]}}