{"id":24713,"date":"2022-04-01T13:16:30","date_gmt":"2022-04-01T13:16:30","guid":{"rendered":"https:\/\/explorial.com\/trails\/staedtetour-coimbra-1\/"},"modified":"2024-09-17T13:26:28","modified_gmt":"2024-09-17T13:26:28","slug":"staedtetour-coimbra-1","status":"publish","type":"product","link":"https:\/\/explorial.com\/de\/trails\/staedtetour-coimbra-1\/","title":{"rendered":"Coimbra"},"content":{"rendered":"","protected":false},"excerpt":{"rendered":"","protected":false},"featured_media":50577,"comment_status":"open","ping_status":"closed","template":"","meta":{"_acf_changed":false},"product_brand":[],"product_cat":[477,494],"product_tag":[491],"class_list":{"0":"post-24713","1":"product","2":"type-product","3":"status-publish","4":"has-post-thumbnail","6":"product_cat-portugal-de","7":"product_cat-central-portugal-de","8":"product_tag-coimbra-es","10":"first","11":"instock","12":"sale","13":"taxable","14":"shipping-taxable","15":"purchasable","16":"product-type-variable"},"acf":{"city_name":"Coimbra","city_name_display":"Coimbra","languages":"Englisch, Portugiesisch, Spanisch, Franz\u00f6sisch, Deutsch","duration":"etwa 1.5 - 2 Stunden","description_1":"","description_2":"","city_description":"Wie der Fado sagt: \"Coimbra hat mehr Charme, wenn es Zeit ist, Abschied zu nehmen\". Es ist in der Tat \"saudade\", die du sp\u00fcren wirst, wenn es an der Zeit ist, sich von dieser gro\u00dfartigen Stadt voller Geschichte und gleichzeitig einer Stadt voller junger Studenten zu verabschieden. Denkm\u00e4ler wie die Alte Kathedrale oder der Pa\u00e7o das Escolas werden dir sicher f\u00fcr immer in Erinnerung bleiben.","short_description":"","notes":"","header_image":50537,"highlight_locations":"Jardim da Manga, Mosteiro de Santa Cruz, Pa\u00e7o das Escolas","additional_wheelchair":"Dieser Trail ist aufgrund von Steigungen und Treppen f\u00fcr Rollst\u00fchle und Kinderwagen nur bedingt geeignet. Alle Orte sind jedoch erreichbar.","voucher_link":"","start_location_coordinates":"40.21134, -8.42785","start_location_name":"Jardim da Manga","start_location_address":"R. Ol\u00edmpio Nicolau Rui Fernandes 182\n3000-122 Coimbra","end_location_name":"Meerjungfrau-Garten (\"Jardim da Sereia\")","partner_object":null},"_links":{"self":[{"href":"https:\/\/explorial.com\/de\/wp-json\/wp\/v2\/product\/24713","targetHints":{"allow":["GET"]}}],"collection":[{"href":"https:\/\/explorial.com\/de\/wp-json\/wp\/v2\/product"}],"about":[{"href":"https:\/\/explorial.com\/de\/wp-json\/wp\/v2\/types\/product"}],"replies":[{"embeddable":true,"href":"https:\/\/explorial.com\/de\/wp-json\/wp\/v2\/comments?post=24713"}],"wp:featuredmedia":[{"embeddable":true,"href":"https:\/\/explorial.com\/de\/wp-json\/wp\/v2\/media\/50577"}],"wp:attachment":[{"href":"https:\/\/explorial.com\/de\/wp-json\/wp\/v2\/media?parent=24713"}],"wp:term":[{"taxonomy":"product_brand","embeddable":true,"href":"https:\/\/explorial.com\/de\/wp-json\/wp\/v2\/product_brand?post=24713"},{"taxonomy":"product_cat","embeddable":true,"href":"https:\/\/explorial.com\/de\/wp-json\/wp\/v2\/product_cat?post=24713"},{"taxonomy":"product_tag","embeddable":true,"href":"https:\/\/explorial.com\/de\/wp-json\/wp\/v2\/product_tag?post=24713"}],"curies":[{"name":"wp","href":"https:\/\/api.w.org\/{rel}","templated":true}]}}