{"id":24525,"date":"2022-04-01T13:15:15","date_gmt":"2022-04-01T13:15:15","guid":{"rendered":"https:\/\/explorial.com\/trails\/staedtetour-porto-1\/"},"modified":"2024-09-17T13:12:16","modified_gmt":"2024-09-17T13:12:16","slug":"staedtetour-porto-1","status":"publish","type":"product","link":"https:\/\/explorial.com\/de\/trails\/staedtetour-porto-1\/","title":{"rendered":"Porto"},"content":{"rendered":"","protected":false},"excerpt":{"rendered":"","protected":false},"featured_media":24414,"comment_status":"open","ping_status":"closed","template":"","meta":{"_acf_changed":false},"product_brand":[],"product_cat":[490,477],"product_tag":[487],"class_list":{"0":"post-24525","1":"product","2":"type-product","3":"status-publish","4":"has-post-thumbnail","6":"product_cat-northern-portugal-de","7":"product_cat-portugal-de","8":"product_tag-porto-es","10":"first","11":"instock","12":"sale","13":"taxable","14":"shipping-taxable","15":"purchasable","16":"product-type-variable"},"acf":{"city_name":"Porto","city_name_display":"Porto","languages":"Portugiesisch, Englisch, Spanisch, Franz\u00f6sisch, Deutsch","duration":"etwa 1.5 - 2 Stunden","description_1":"","description_2":"","city_description":"Jedes Jahr werden die Besucherrekorde der Stadt Porto gebrochen. Eine Tour, bei der du unter anderem die kuriosesten Dinge \u00fcber den Torre dos Cl\u00e9rigos oder die Livraria Lello erf\u00e4hrst, macht dich zu einem echten \"Kenner\" und einem echten \"Einheimischen\". Jahrhunderte der Geschichte warten auf dich.","short_description":"","notes":"","header_image":24382,"highlight_locations":"Torre dos Cl\u00e9rigos, Esta\u00e7\u00e3o de S\u00e3o Bento, Livraria Lello","additional_wheelchair":"Dieser Trail ist aufgrund von Steigungen und Treppen f\u00fcr Rollst\u00fchle und Kinderwagen nur bedingt geeignet. Alle Orte sind jedoch erreichbar.","voucher_link":"","start_location_coordinates":"41.146, -8.61626","start_location_name":"Jardim da Cordoaria Gardens (G\u00e4rten des Jardim da Cordoaria)","start_location_address":"Campo dos M\u00e1rtires da P\u00e1tria\n4050-366 Porto","end_location_name":"Porto Ribeira","partner_object":null},"_links":{"self":[{"href":"https:\/\/explorial.com\/de\/wp-json\/wp\/v2\/product\/24525","targetHints":{"allow":["GET"]}}],"collection":[{"href":"https:\/\/explorial.com\/de\/wp-json\/wp\/v2\/product"}],"about":[{"href":"https:\/\/explorial.com\/de\/wp-json\/wp\/v2\/types\/product"}],"replies":[{"embeddable":true,"href":"https:\/\/explorial.com\/de\/wp-json\/wp\/v2\/comments?post=24525"}],"wp:featuredmedia":[{"embeddable":true,"href":"https:\/\/explorial.com\/de\/wp-json\/wp\/v2\/media\/24414"}],"wp:attachment":[{"href":"https:\/\/explorial.com\/de\/wp-json\/wp\/v2\/media?parent=24525"}],"wp:term":[{"taxonomy":"product_brand","embeddable":true,"href":"https:\/\/explorial.com\/de\/wp-json\/wp\/v2\/product_brand?post=24525"},{"taxonomy":"product_cat","embeddable":true,"href":"https:\/\/explorial.com\/de\/wp-json\/wp\/v2\/product_cat?post=24525"},{"taxonomy":"product_tag","embeddable":true,"href":"https:\/\/explorial.com\/de\/wp-json\/wp\/v2\/product_tag?post=24525"}],"curies":[{"name":"wp","href":"https:\/\/api.w.org\/{rel}","templated":true}]}}