{"id":23693,"date":"2022-02-16T12:57:57","date_gmt":"2022-02-16T12:57:57","guid":{"rendered":"https:\/\/explorial.com\/trails\/staedtetour-montreal-1\/"},"modified":"2024-09-09T11:18:23","modified_gmt":"2024-09-09T11:18:23","slug":"staedtetour-montreal-1","status":"publish","type":"product","link":"https:\/\/explorial.com\/de\/trails\/staedtetour-montreal-1\/","title":{"rendered":"Montreal"},"content":{"rendered":"","protected":false},"excerpt":{"rendered":"","protected":false},"featured_media":23582,"comment_status":"open","ping_status":"closed","template":"","meta":{"_acf_changed":false},"product_brand":[],"product_cat":[458,461],"product_tag":[473],"class_list":{"0":"post-23693","1":"product","2":"type-product","3":"status-publish","4":"has-post-thumbnail","6":"product_cat-canada-de","7":"product_cat-quebec-de","8":"product_tag-montreal-de","10":"first","11":"instock","12":"sale","13":"taxable","14":"shipping-taxable","15":"purchasable","16":"product-type-variable"},"acf":{"city_name":"Montreal","city_name_display":"Montreal","languages":"Franz\u00f6sisch, Englisch","duration":"etwa 1.5 - 2 Stunden","description_1":"","description_2":"","city_description":"","short_description":"","notes":"","header_image":86242,"highlight_locations":"Place Vauquelin, March\u00e9 Bonsecours, La Grande Roue de Montr\u00e9al","additional_wheelchair":"Dieser Trail ist aufgrund von Steigungen und Treppen f\u00fcr Rollst\u00fchle und Kinderwagen nur bedingt geeignet. Alle Orte sind jedoch erreichbar.","voucher_link":"","start_location_coordinates":"45.50473, -73.55727","start_location_name":"Place d'Armes","start_location_address":"Montr\u00e9al","end_location_name":"La Grande Roue de Montr\u00e9al","partner_object":null},"_links":{"self":[{"href":"https:\/\/explorial.com\/de\/wp-json\/wp\/v2\/product\/23693","targetHints":{"allow":["GET"]}}],"collection":[{"href":"https:\/\/explorial.com\/de\/wp-json\/wp\/v2\/product"}],"about":[{"href":"https:\/\/explorial.com\/de\/wp-json\/wp\/v2\/types\/product"}],"replies":[{"embeddable":true,"href":"https:\/\/explorial.com\/de\/wp-json\/wp\/v2\/comments?post=23693"}],"wp:featuredmedia":[{"embeddable":true,"href":"https:\/\/explorial.com\/de\/wp-json\/wp\/v2\/media\/23582"}],"wp:attachment":[{"href":"https:\/\/explorial.com\/de\/wp-json\/wp\/v2\/media?parent=23693"}],"wp:term":[{"taxonomy":"product_brand","embeddable":true,"href":"https:\/\/explorial.com\/de\/wp-json\/wp\/v2\/product_brand?post=23693"},{"taxonomy":"product_cat","embeddable":true,"href":"https:\/\/explorial.com\/de\/wp-json\/wp\/v2\/product_cat?post=23693"},{"taxonomy":"product_tag","embeddable":true,"href":"https:\/\/explorial.com\/de\/wp-json\/wp\/v2\/product_tag?post=23693"}],"curies":[{"name":"wp","href":"https:\/\/api.w.org\/{rel}","templated":true}]}}