{"id":233555,"date":"2024-05-10T09:24:00","date_gmt":"2024-05-10T09:24:00","guid":{"rendered":"https:\/\/explorial.com\/trails\/staedtetour-wien-3\/"},"modified":"2024-09-09T08:51:08","modified_gmt":"2024-09-09T08:51:08","slug":"staedtetour-wien-3","status":"publish","type":"product","link":"https:\/\/explorial.com\/de\/trails\/staedtetour-wien-3\/","title":{"rendered":"Wien (Prater)"},"content":{"rendered":"","protected":false},"excerpt":{"rendered":"","protected":false},"featured_media":282567,"comment_status":"open","ping_status":"closed","template":"","meta":{"_acf_changed":false},"product_brand":[],"product_cat":[2138,3298],"product_tag":[3291],"class_list":{"0":"post-233555","1":"product","2":"type-product","3":"status-publish","4":"has-post-thumbnail","6":"product_cat-austria-de","7":"product_cat-vienna-region-de","8":"product_tag-vienna","10":"first","11":"instock","12":"sale","13":"taxable","14":"shipping-taxable","15":"purchasable","16":"product-type-variable"},"acf":{"city_name":"Wien","city_name_display":"Wien (Prater)","languages":"Deutsch, Englisch","duration":"etwa 1.5 - 2 Stunden","description_1":"","description_2":"","city_description":"Hereinspaziert! Fr\u00fcher jagte hier am Wiener Prater der Kaiser F\u00fcchse, heute gibt es andere Attraktionen, die f\u00fcr mindestens genauso viel Adrenalinaussch\u00fcttung wie eine Jagd sorgen. Entdeckt in diesem Trail den einzigartigen und traditionsreichen Vergn\u00fcgungspark, mitten im gr\u00fcnen Herzen Wiens. Traut ihr euch, die F\u00fc\u00dfe vom h\u00f6chsten Kettenkarussell der Welt baumeln zu lassen? Los geht\u2019s!","short_description":"","notes":"","header_image":282561,"highlight_locations":"Republik Kugelmugel, Riesenrad, Wurstelprater","additional_wheelchair":"Dieser Trail ist aufgrund von Steigungen und Treppen f\u00fcr Rollst\u00fchle und Kinderwagen nur bedingt geeignet. Alle Orte sind jedoch erreichbar.","voucher_link":"","start_location_coordinates":"48.2181, 16.393","start_location_name":"Praterstern","start_location_address":"U-Bahn-Haltestelle Praterstern, 1020 Wien, \u00d6sterreich","end_location_name":"Hochschaubahn","partner_object":null},"_links":{"self":[{"href":"https:\/\/explorial.com\/de\/wp-json\/wp\/v2\/product\/233555","targetHints":{"allow":["GET"]}}],"collection":[{"href":"https:\/\/explorial.com\/de\/wp-json\/wp\/v2\/product"}],"about":[{"href":"https:\/\/explorial.com\/de\/wp-json\/wp\/v2\/types\/product"}],"replies":[{"embeddable":true,"href":"https:\/\/explorial.com\/de\/wp-json\/wp\/v2\/comments?post=233555"}],"wp:featuredmedia":[{"embeddable":true,"href":"https:\/\/explorial.com\/de\/wp-json\/wp\/v2\/media\/282567"}],"wp:attachment":[{"href":"https:\/\/explorial.com\/de\/wp-json\/wp\/v2\/media?parent=233555"}],"wp:term":[{"taxonomy":"product_brand","embeddable":true,"href":"https:\/\/explorial.com\/de\/wp-json\/wp\/v2\/product_brand?post=233555"},{"taxonomy":"product_cat","embeddable":true,"href":"https:\/\/explorial.com\/de\/wp-json\/wp\/v2\/product_cat?post=233555"},{"taxonomy":"product_tag","embeddable":true,"href":"https:\/\/explorial.com\/de\/wp-json\/wp\/v2\/product_tag?post=233555"}],"curies":[{"name":"wp","href":"https:\/\/api.w.org\/{rel}","templated":true}]}}