{"id":228337,"date":"2024-05-03T11:14:50","date_gmt":"2024-05-03T11:14:50","guid":{"rendered":"https:\/\/explorial.com\/trails\/staedtetour-dresden-1\/"},"modified":"2024-09-16T12:08:51","modified_gmt":"2024-09-16T12:08:51","slug":"staedtetour-dresden-1","status":"publish","type":"product","link":"https:\/\/explorial.com\/de\/trails\/staedtetour-dresden-1\/","title":{"rendered":"Dresden"},"content":{"rendered":"","protected":false},"excerpt":{"rendered":"","protected":false},"featured_media":241943,"comment_status":"open","ping_status":"closed","template":"","meta":{"_acf_changed":false},"product_brand":[],"product_cat":[555,3211],"product_tag":[3205],"class_list":{"0":"post-228337","1":"product","2":"type-product","3":"status-publish","4":"has-post-thumbnail","6":"product_cat-germany-de","7":"product_cat-saxony-de","8":"product_tag-dresden-de","10":"first","11":"instock","12":"sale","13":"taxable","14":"shipping-taxable","15":"purchasable","16":"product-type-variable"},"acf":{"city_name":"Dresden","city_name_display":"Dresden","languages":"Deutsch","duration":"etwa 1.5 - 2 Stunden","description_1":"","description_2":"","city_description":"Dresden ist nicht umsonst auch unter dem Namen \"Elbflorenz\" bekannt: Die Stadt besticht durch ihre hohe Dichte an historischen Bauten und einer ebenso reichen wie spannenden Geschichte. Bei Dresden handelt es sich um eine Schatzkammer an kulturellen Sehensw\u00fcrdigkeiten, mit einer beeindruckenden Anzahl an Monumenten, Museen und architektonischen Meisterwerken. Alles gepaart mit einem pulsierenden, vielf\u00e4ltigen Stadtleben direkt an der malerischen Elbe.","short_description":"","notes":"","header_image":241937,"highlight_locations":"Der Wallpavillon, Die Br\u00fchlsche Terrasse, Die Frauenkirche ","additional_wheelchair":"Dieser Trail ist aufgrund von Steigungen und Treppen f\u00fcr Rollst\u00fchle und Kinderwagen nur bedingt geeignet. Alle Orte sind jedoch erreichbar.","voucher_link":"","start_location_coordinates":"51.05204, 13.73232","start_location_name":"Staatsschauspiel Dresden","start_location_address":"Theaterstra\u00dfe 2, 01067 Dresden, Deutschland","end_location_name":"Die Br\u00fchlsche Terrasse","partner_object":null},"_links":{"self":[{"href":"https:\/\/explorial.com\/de\/wp-json\/wp\/v2\/product\/228337","targetHints":{"allow":["GET"]}}],"collection":[{"href":"https:\/\/explorial.com\/de\/wp-json\/wp\/v2\/product"}],"about":[{"href":"https:\/\/explorial.com\/de\/wp-json\/wp\/v2\/types\/product"}],"replies":[{"embeddable":true,"href":"https:\/\/explorial.com\/de\/wp-json\/wp\/v2\/comments?post=228337"}],"wp:featuredmedia":[{"embeddable":true,"href":"https:\/\/explorial.com\/de\/wp-json\/wp\/v2\/media\/241943"}],"wp:attachment":[{"href":"https:\/\/explorial.com\/de\/wp-json\/wp\/v2\/media?parent=228337"}],"wp:term":[{"taxonomy":"product_brand","embeddable":true,"href":"https:\/\/explorial.com\/de\/wp-json\/wp\/v2\/product_brand?post=228337"},{"taxonomy":"product_cat","embeddable":true,"href":"https:\/\/explorial.com\/de\/wp-json\/wp\/v2\/product_cat?post=228337"},{"taxonomy":"product_tag","embeddable":true,"href":"https:\/\/explorial.com\/de\/wp-json\/wp\/v2\/product_tag?post=228337"}],"curies":[{"name":"wp","href":"https:\/\/api.w.org\/{rel}","templated":true}]}}