{"id":198032,"date":"2024-03-27T16:53:07","date_gmt":"2024-03-27T16:53:07","guid":{"rendered":"https:\/\/explorial.com\/trails\/staedtetour-locarno-1\/"},"modified":"2024-09-16T10:16:39","modified_gmt":"2024-09-16T10:16:39","slug":"staedtetour-locarno-1","status":"publish","type":"product","link":"https:\/\/explorial.com\/de\/trails\/staedtetour-locarno-1\/","title":{"rendered":"Locarno"},"content":{"rendered":"","protected":false},"excerpt":{"rendered":"","protected":false},"featured_media":197964,"comment_status":"open","ping_status":"closed","template":"","meta":{"_acf_changed":false},"product_brand":[],"product_cat":[818,3082],"product_tag":[3074],"class_list":{"0":"post-198032","1":"product","2":"type-product","3":"status-publish","4":"has-post-thumbnail","6":"product_cat-switzerland-de","7":"product_cat-ticino-de","8":"product_tag-locarno","10":"first","11":"instock","12":"sale","13":"taxable","14":"shipping-taxable","15":"purchasable","16":"product-type-variable"},"acf":{"city_name":"Locarno","city_name_display":"Locarno","languages":"Deutsch, Englisch","duration":"etwa 1.5 - 2 Stunden","description_1":"","description_2":"","city_description":"Locarno und seine Umgebung sind zu jeder Jahreszeit traumhaft sch\u00f6n. Italianit\u00e0, \u00fcppige Vegetation, See und Berge und die idyllische Altstadt locken jedes Jahr Hunderttausende von Touristen in diese Region.\n","short_description":"","notes":"","header_image":197958,"highlight_locations":"Piazza Grande, Castello Visconteo, Walk of Fame Locarno","additional_wheelchair":"Dieser Trail ist aufgrund von Steigungen und Treppen f\u00fcr Rollst\u00fchle und Kinderwagen nur bedingt geeignet. Alle Orte sind jedoch erreichbar.","voucher_link":"","start_location_coordinates":"46.172, 8.80058","start_location_name":"Augenskulptur beim Bahnhof","start_location_address":"Piazza Stazione 2\n6600 Locarno-Muralto","end_location_name":"Walk of Fame Locarno","partner_object":null},"_links":{"self":[{"href":"https:\/\/explorial.com\/de\/wp-json\/wp\/v2\/product\/198032","targetHints":{"allow":["GET"]}}],"collection":[{"href":"https:\/\/explorial.com\/de\/wp-json\/wp\/v2\/product"}],"about":[{"href":"https:\/\/explorial.com\/de\/wp-json\/wp\/v2\/types\/product"}],"replies":[{"embeddable":true,"href":"https:\/\/explorial.com\/de\/wp-json\/wp\/v2\/comments?post=198032"}],"wp:featuredmedia":[{"embeddable":true,"href":"https:\/\/explorial.com\/de\/wp-json\/wp\/v2\/media\/197964"}],"wp:attachment":[{"href":"https:\/\/explorial.com\/de\/wp-json\/wp\/v2\/media?parent=198032"}],"wp:term":[{"taxonomy":"product_brand","embeddable":true,"href":"https:\/\/explorial.com\/de\/wp-json\/wp\/v2\/product_brand?post=198032"},{"taxonomy":"product_cat","embeddable":true,"href":"https:\/\/explorial.com\/de\/wp-json\/wp\/v2\/product_cat?post=198032"},{"taxonomy":"product_tag","embeddable":true,"href":"https:\/\/explorial.com\/de\/wp-json\/wp\/v2\/product_tag?post=198032"}],"curies":[{"name":"wp","href":"https:\/\/api.w.org\/{rel}","templated":true}]}}