{"id":195185,"date":"2024-03-18T08:55:43","date_gmt":"2024-03-18T08:55:43","guid":{"rendered":"https:\/\/explorial.com\/trails\/staedtetour-regensburg-1\/"},"modified":"2024-09-16T12:04:54","modified_gmt":"2024-09-16T12:04:54","slug":"staedtetour-regensburg-1","status":"publish","type":"product","link":"https:\/\/explorial.com\/de\/trails\/staedtetour-regensburg-1\/","title":{"rendered":"Regensburg"},"content":{"rendered":"","protected":false},"excerpt":{"rendered":"","protected":false},"featured_media":241895,"comment_status":"open","ping_status":"closed","template":"","meta":{"_acf_changed":false},"product_brand":[],"product_cat":[587,555],"product_tag":[3070],"class_list":{"0":"post-195185","1":"product","2":"type-product","3":"status-publish","4":"has-post-thumbnail","6":"product_cat-bavaria-de","7":"product_cat-germany-de","8":"product_tag-regensburg-pt","10":"first","11":"instock","12":"sale","13":"taxable","14":"shipping-taxable","15":"purchasable","16":"product-type-variable"},"acf":{"city_name":"Regensburg","city_name_display":"Regensburg","languages":"Deutsch, Englisch","duration":"etwa 1.5 - 2 Stunden","description_1":"","description_2":"","city_description":"Gleich zweimal erhielt Regensburg die Ehrung UNESCO-Weltkulturerbe. Kein Wunder, ist die bayerische Donauperle doch bekannt daf\u00fcr, eine der besterhaltenen Mittelalterst\u00e4dte Deutschlands zu sein und ganz nebenbei auch noch uralte Spuren der R\u00f6mer erlebbar zu gestalten. Entdeckt 2000 Jahre alte Geschichte und erfahrt, was die Stadt auch heute noch so besonders macht. ","short_description":"","notes":"","header_image":241889,"highlight_locations":"Dom St. Peter, Weltwunder Steinerne Br\u00fccke, Haidplatz","additional_wheelchair":"Dieser Trail ist aufgrund von Steigungen und Treppen f\u00fcr Rollst\u00fchle und Kinderwagen nur bedingt geeignet. Alle Orte sind jedoch erreichbar.","voucher_link":"","start_location_coordinates":"49.01606, 12.09317","start_location_name":"Kloster St. Emmeram\/Emmeramsplatz","start_location_address":"Emmeramsplatz, 93047 Regensburg","end_location_name":"Goldener Turm","partner_object":null},"_links":{"self":[{"href":"https:\/\/explorial.com\/de\/wp-json\/wp\/v2\/product\/195185","targetHints":{"allow":["GET"]}}],"collection":[{"href":"https:\/\/explorial.com\/de\/wp-json\/wp\/v2\/product"}],"about":[{"href":"https:\/\/explorial.com\/de\/wp-json\/wp\/v2\/types\/product"}],"replies":[{"embeddable":true,"href":"https:\/\/explorial.com\/de\/wp-json\/wp\/v2\/comments?post=195185"}],"wp:featuredmedia":[{"embeddable":true,"href":"https:\/\/explorial.com\/de\/wp-json\/wp\/v2\/media\/241895"}],"wp:attachment":[{"href":"https:\/\/explorial.com\/de\/wp-json\/wp\/v2\/media?parent=195185"}],"wp:term":[{"taxonomy":"product_brand","embeddable":true,"href":"https:\/\/explorial.com\/de\/wp-json\/wp\/v2\/product_brand?post=195185"},{"taxonomy":"product_cat","embeddable":true,"href":"https:\/\/explorial.com\/de\/wp-json\/wp\/v2\/product_cat?post=195185"},{"taxonomy":"product_tag","embeddable":true,"href":"https:\/\/explorial.com\/de\/wp-json\/wp\/v2\/product_tag?post=195185"}],"curies":[{"name":"wp","href":"https:\/\/api.w.org\/{rel}","templated":true}]}}